{"id":1746,"date":"2013-03-09T10:22:39","date_gmt":"2013-03-09T10:22:39","guid":{"rendered":"http:\/\/ict.guidoknaus.ch\/?page_id=1746"},"modified":"2013-11-15T16:17:17","modified_gmt":"2013-11-15T16:17:17","slug":"agb","status":"publish","type":"page","link":"https:\/\/ict.guidoknaus.ch\/?page_id=1746","title":{"rendered":"Impressum"},"content":{"rendered":"<p><strong>Adresse<\/strong><br \/>\nSchule Grub AR<br \/>\nDorf 315<br \/>\n9035 Grub AR<\/p>\n<p>E-mail: <a href=\"mailto:guidoknaus@me.com\" target=\"_blank\">Guido Knaus<\/a><br \/>\nTelefon: 071 891 14 41 (Sch.)<\/p>\n<p><strong>Schulleitung<\/strong><br \/>\nNadja B\u00fcrge<\/p>\n<p><strong>Diensteanbieter der ICT-Homepage<\/strong><br \/>\nSchule Grub AR, Guido Knaus<\/p>\n<p><strong>Webmaster<\/strong><br \/>\n<a href=\"http:\/\/guidoknaus.ch\/\" target=\"_blank\">Guido Knaus<\/a>\u00a0(Websites &amp; Portrait)<\/p>\n<p><strong> Kontakt<\/strong><\/p>\n<!-- Plugin: Kontakt -->\n<form method=\"post\" action=\"\">\n<div id=\"plugin_kontakt\">\n<div class=\"left\">\n<div class=\"field type_input\">\n<label>Hinterlassen Sie hier Ihre Anfrage.:<strong>*<\/strong><\/label>\n<input type=\"text\" name=\"kontakt_1\" value=\"\" \/>\n<\/div>\n<div class=\"field type_spam\">\n<label>Spam \u00dcberpr\u00fcfung:<strong>*<\/strong><\/label>\n<input type=\"text\" name=\"kontakt_spam\" value=\"\" \/>\n<img decoding=\"async\" src=\"https:\/\/ict.guidoknaus.ch\/wp-content\/plugins\/plugin-kontakt\/functions\/captcha.php\" alt=\"Spam \u00dcberpr\u00fcfung\" \/>\n<\/div><div class=\"buttons\">\n<input type=\"submit\" name=\"kontakt_send\" value=\"Versenden\" \/>\n<input type=\"reset\" name=\"kontakt_reset\" value=\"Eingabe Leeren\" \/>\n<\/div>\n<\/div>\n<div class=\"right\">\n<\/div>\n<div class=\"clear\"><\/div>\n<\/div>\n<\/form>\n\n<p>(E-Mail-Adresse nicht vergessen)<\/p>\n<p>&nbsp;<\/p>\n<hr style=\"width: 100%px;\" width=\"100%\" \/>\n<h2>AGB<\/h2>\n<h3>\u00a7\u00a0Rechtliche Hinweise<\/h3>\n<p>Das Layout der Homepage, die verwendeten Grafiken und Lehrmittelausz\u00fcge sind urheberrechtlich gesch\u00fctzt und konnten im Einverst\u00e4ndnis der Lehrmittelverlage St. Gallen und Z\u00fcrich ver\u00f6ffentlicht werden.\u00a0Die Seiten d\u00fcrfen ausschlie\u00dflich zum privaten Gebrauch ohne jegliche \u00c4nderung vervielf\u00e4ltigt werden. Eine Verbreitung von Kopien oder Ausz\u00fcgen ist nur mit schriftlicher Genehmigung zul\u00e4ssig.\u00a0Einige Seiten der ICT Schule Grub-Website k\u00f6nnen passwortgesch\u00fctzt sein. Der Zugang zu diesen Seiten ist im Interesse der Sicherheit des Gesch\u00e4ftsverkehrs nur Lernenden, Lehrenden und Eltern der Schule Grub AR m\u00f6glich. Die Computer-Handb\u00fccher d\u00fcrfen von den\u00a0Lernenden, Lehrenden und Eltern\u00a0zu keiner Zeit an Dritte vertrieben, vermietet oder in sonstiger Weise \u00fcberlassen werden.<\/p>\n<h3>\u00a7\u00a0Haftungsausschluss<\/h3>\n<p>Die Informationen, die Sie auf diesem Internetauftritt vorfinden, wurden nach bestem Wissen und Gewissen sorgf\u00e4ltig zusammengestellt und gepr\u00fcft. Es wird jedoch keine Gew\u00e4hr \u2013 weder ausdr\u00fccklich noch stillschweigend \u2013 f\u00fcr die Vollst\u00e4ndigkeit, Richtigkeit, Aktualit\u00e4t oder Qualit\u00e4t und jederzeitige Verf\u00fcgbarkeit der bereit gestellten Informationen \u00fcbernommen. In keinem Fall wird f\u00fcr Sch\u00e4den, die sich aus der Verwendung der abgerufenen Informationen ergeben, eine Haftung \u00fcbernommen.<\/p>\n<h3>\u00a7Internetseiten dritter Anbieter \/ Links<\/h3>\n<p>Diese Internetseite enth\u00e4lt auch Links oder Verweise auf Internetauftritte Dritter. Diese Links zu den Internetauftritten Dritter stellen keine Zustimmung zu deren Inhalten durch den Herausgeber dar. Es wird keine Verantwortung f\u00fcr die Verf\u00fcgbarkeit oder den Inhalt solcher Internetauftritte \u00fcbernommen und keine Haftung f\u00fcr Sch\u00e4den oder Verletzungen, die aus der Nutzung \u2013 gleich welcher Art \u2013 solcher Inhalte entstehen. Mit den Links zu anderen Internetauftritten wird den Nutzern lediglich der Zugang zur Nutzung der Inhalte vermittelt. F\u00fcr illegale, fehlerhafte oder unvollst\u00e4ndige Inhalte und f\u00fcr Sch\u00e4den, die aus der Nutzung entstehen, haftet allein der Anbieter der Seite, auf welche verwiesen wurde.<\/p>\n","protected":false},"excerpt":{"rendered":"<p>Adresse Schule Grub AR Dorf 315 9035 Grub AR E-mail: Guido Knaus Telefon: 071 891 14 41 (Sch.) Schulleitung Nadja B\u00fcrge Diensteanbieter der ICT-Homepage Schule Grub AR, Guido Knaus Webmaster Guido Knaus\u00a0(Websites &amp; Portrait) Kontakt Hinterlassen Sie hier Ihre Anfrage.:* Spam \u00dcberpr\u00fcfung:* (E-Mail-Adresse nicht vergessen) &nbsp; AGB \u00a7\u00a0Rechtliche Hinweise Das<\/p>\n","protected":false},"author":1,"featured_media":0,"parent":0,"menu_order":0,"comment_status":"closed","ping_status":"open","template":"","meta":{"jetpack_post_was_ever_published":false,"footnotes":""},"class_list":["post-1746","page","type-page","status-publish","hentry"],"jetpack_sharing_enabled":true,"jetpack_shortlink":"https:\/\/wp.me\/P8i5HI-sa","_links":{"self":[{"href":"https:\/\/ict.guidoknaus.ch\/index.php?rest_route=\/wp\/v2\/pages\/1746","targetHints":{"allow":["GET"]}}],"collection":[{"href":"https:\/\/ict.guidoknaus.ch\/index.php?rest_route=\/wp\/v2\/pages"}],"about":[{"href":"https:\/\/ict.guidoknaus.ch\/index.php?rest_route=\/wp\/v2\/types\/page"}],"author":[{"embeddable":true,"href":"https:\/\/ict.guidoknaus.ch\/index.php?rest_route=\/wp\/v2\/users\/1"}],"replies":[{"embeddable":true,"href":"https:\/\/ict.guidoknaus.ch\/index.php?rest_route=%2Fwp%2Fv2%2Fcomments&post=1746"}],"version-history":[{"count":12,"href":"https:\/\/ict.guidoknaus.ch\/index.php?rest_route=\/wp\/v2\/pages\/1746\/revisions"}],"predecessor-version":[{"id":2540,"href":"https:\/\/ict.guidoknaus.ch\/index.php?rest_route=\/wp\/v2\/pages\/1746\/revisions\/2540"}],"wp:attachment":[{"href":"https:\/\/ict.guidoknaus.ch\/index.php?rest_route=%2Fwp%2Fv2%2Fmedia&parent=1746"}],"curies":[{"name":"wp","href":"https:\/\/api.w.org\/{rel}","templated":true}]}}