{"id":3249,"date":"2016-12-28T06:50:55","date_gmt":"2016-12-28T06:50:55","guid":{"rendered":"http:\/\/ict.guidoknaus.ch\/?page_id=3249"},"modified":"2021-08-16T07:49:54","modified_gmt":"2021-08-16T07:49:54","slug":"kompetenzen-lp-21","status":"publish","type":"page","link":"https:\/\/ict.guidoknaus.ch\/?page_id=3249","title":{"rendered":"MIA-Kompetenzen"},"content":{"rendered":"<h3>Lehrplan 21 \u2013 Medien &amp; Informatik<\/h3>\n<hr \/>\n<h1><a href=\"http:\/\/ict.guidoknaus.ch\/?page_id=3252\">1 | Medien<\/a><\/h1>\n<blockquote><p>Sch\u00fclerinnen und Sch\u00fcler k\u00f6nnen an der Mediengesellschaft selbstbestimmt, kreativ und m\u00fcndig teilhaben und sich sachgerecht und sozial verantwortlich verhalten.<\/p><\/blockquote>\n<p>1. <a href=\"http:\/\/ict.guidoknaus.ch\/?page_id=3256\">Die Sch\u00fclerinnen und Sch\u00fcler k\u00f6nnen sich in der physischen Umwelt sowie in medialen und virtuellen Lebensr\u00e4umen orientieren und sich darin entsprechend den Gesetzen, Regeln und Wertesystemen verhalten.<\/a><\/p>\n<p>2. <a href=\"http:\/\/ict.guidoknaus.ch\/?page_id=3259\">Die Sch\u00fclerinnen und Sch\u00fcler k\u00f6nnen Medien und Medienbeitr\u00e4ge entschl\u00fcsseln, reflektieren und nutzen.<\/a><\/p>\n<p>3. <a href=\"http:\/\/ict.guidoknaus.ch\/?page_id=3262\">Die Sch\u00fclerinnen und Sch\u00fcler k\u00f6nnen Gedanken, Meinungen, Erfahrungen und Wissen in Medienbeitr\u00e4ge umsetzen und unter Einbezug der Gesetze, Regeln und Wertesysteme auch ver\u00f6ffentlichen.<\/a><\/p>\n<p>4. <a href=\"http:\/\/ict.guidoknaus.ch\/?page_id=3265\">Die Sch\u00fclerinnen und Sch\u00fcler k\u00f6nnen Medien interaktiv nutzen sowie mit anderen kommunizieren und kooperieren.<\/a><\/p>\n<hr \/>\n<h1><a href=\"http:\/\/ict.guidoknaus.ch\/?page_id=3268\">2 | Informatik<\/a><\/h1>\n<blockquote><p>Sch\u00fclerinnen und Sch\u00fcler verstehen Grundkonzepte der automatisierten Informationsverarbeitung, nutzen sie zur Entwicklung von L\u00f6sungsstrategien in allen Lebensbereichen und zum Verst\u00e4ndnis der Informationsgesellschaft.<\/p><\/blockquote>\n<p>1.<a href=\"http:\/\/ict.guidoknaus.ch\/?page_id=3271\"> Die Sch\u00fclerinnen und Sch\u00fcler k\u00f6nnen Daten aus ihrer Umwelt darstellen, strukturieren und auswerten.<\/a><\/p>\n<p>2. <a href=\"http:\/\/ict.guidoknaus.ch\/?page_id=3274\">Die Sch\u00fclerinnen und Sch\u00fcler k\u00f6nnen einfache Problemstellungen analysieren, m\u00f6gliche L\u00f6sungsverfahren beschreiben und in Programmen umsetzen.<\/a><\/p>\n<p>3. <a href=\"http:\/\/ict.guidoknaus.ch\/?page_id=3277\">Die Sch\u00fclerinnen und Sch\u00fcler verstehen Aufbau und Funktionsweise von informationsverarbeitenden Systemen und k\u00f6nnen Konzepte der sicheren Datenverarbeitung anwenden.<\/a><\/p>\n<hr \/>\n<h1><a href=\"http:\/\/ict.guidoknaus.ch\/?page_id=3280\">3 | Anwenderkompetenzen<\/a><\/h1>\n<blockquote><p>Sch\u00fclerinnen und Sch\u00fcler nutzen Informations- und Kommunikationstechnologien in allen Fach- und Lebensbereichen effektiv und effizient.<\/p><\/blockquote>\n<p>1. <a href=\"http:\/\/ict.guidoknaus.ch\/?page_id=3283\">Handhabung<\/a><\/p>\n<p>2. <a href=\"http:\/\/ict.guidoknaus.ch\/?page_id=3286\">Recherche und Lernunterst\u00fctzung<\/a><\/p>\n<p>3. <a href=\"http:\/\/ict.guidoknaus.ch\/?page_id=3289\">Produktion und Pr\u00e4sentation<\/a><\/p>\n","protected":false},"excerpt":{"rendered":"<p>Lehrplan 21 \u2013 Medien &amp; Informatik 1 | Medien Sch\u00fclerinnen und Sch\u00fcler k\u00f6nnen an der Mediengesellschaft selbstbestimmt, kreativ und m\u00fcndig teilhaben und sich sachgerecht und sozial verantwortlich verhalten. 1. Die Sch\u00fclerinnen und Sch\u00fcler k\u00f6nnen sich in der physischen Umwelt sowie in medialen und virtuellen Lebensr\u00e4umen orientieren und sich darin entsprechend<\/p>\n","protected":false},"author":1,"featured_media":0,"parent":0,"menu_order":3,"comment_status":"closed","ping_status":"closed","template":"template-fullwidth.php","meta":{"jetpack_post_was_ever_published":false,"footnotes":""},"class_list":["post-3249","page","type-page","status-publish","hentry"],"jetpack_sharing_enabled":true,"jetpack_shortlink":"https:\/\/wp.me\/P8i5HI-Qp","_links":{"self":[{"href":"https:\/\/ict.guidoknaus.ch\/index.php?rest_route=\/wp\/v2\/pages\/3249","targetHints":{"allow":["GET"]}}],"collection":[{"href":"https:\/\/ict.guidoknaus.ch\/index.php?rest_route=\/wp\/v2\/pages"}],"about":[{"href":"https:\/\/ict.guidoknaus.ch\/index.php?rest_route=\/wp\/v2\/types\/page"}],"author":[{"embeddable":true,"href":"https:\/\/ict.guidoknaus.ch\/index.php?rest_route=\/wp\/v2\/users\/1"}],"replies":[{"embeddable":true,"href":"https:\/\/ict.guidoknaus.ch\/index.php?rest_route=%2Fwp%2Fv2%2Fcomments&post=3249"}],"version-history":[{"count":6,"href":"https:\/\/ict.guidoknaus.ch\/index.php?rest_route=\/wp\/v2\/pages\/3249\/revisions"}],"predecessor-version":[{"id":5333,"href":"https:\/\/ict.guidoknaus.ch\/index.php?rest_route=\/wp\/v2\/pages\/3249\/revisions\/5333"}],"wp:attachment":[{"href":"https:\/\/ict.guidoknaus.ch\/index.php?rest_route=%2Fwp%2Fv2%2Fmedia&parent=3249"}],"curies":[{"name":"wp","href":"https:\/\/api.w.org\/{rel}","templated":true}]}}