{"id":3252,"date":"2016-12-28T06:53:28","date_gmt":"2016-12-28T06:53:28","guid":{"rendered":"http:\/\/ict.guidoknaus.ch\/?page_id=3252"},"modified":"2023-10-21T16:15:27","modified_gmt":"2023-10-21T16:15:27","slug":"1-medien","status":"publish","type":"page","link":"https:\/\/ict.guidoknaus.ch\/?page_id=3252","title":{"rendered":"1 | Medien"},"content":{"rendered":"<blockquote><p>Die Sch\u00fclerinnen und Sch\u00fcler k\u00f6nnen an der Mediengesellschaft selbstbestimmt, kreativ und m\u00fcndig teilhaben und sich sachgerecht und sozial verantwortlich verhalten.<\/p><\/blockquote>\n<table style=\"width: 100%;\">\n<tbody>\n<tr>\n<td style=\"width: 5%; background-color: #fb7d19; text-align: center;\">\n<h5><span style=\"color: #ffffff;\">1<\/span><\/h5>\n<\/td>\n<td style=\"background-color: #57a22e;\">\n<h5><span style=\"color: #ffffff;\">\u00a0Umwelt, mediale &amp; virtuelle Lebensr\u00e4ume<\/span><\/h5>\n<\/td>\n<\/tr>\n<tr>\n<td style=\"width: 5%; background-color: #f5f5eb; text-align: left;\" colspan=\"2\"><span style=\"color: #ffffff;\"><span style=\"color: #ffffff;\"><a href=\"http:\/\/ict.guidoknaus.ch\/?page_id=3256\">Die Sch\u00fclerinnen und Sch\u00fcler k\u00f6nnen sich in der physischen Umwelt sowie in medialen und virtuellen Lebensr\u00e4umen orientieren und sich darin entsprechend den Gesetzen, Regeln und Wertesystemen verhalten.<\/a><\/span><\/span><\/td>\n<\/tr>\n<tr>\n<td style=\"width: 5%; background-color: #fb7d19; text-align: center;\">\n<h5><span style=\"color: #ffffff;\">2<\/span><\/h5>\n<\/td>\n<td style=\"background-color: #57a22e;\">\n<h5><span style=\"color: #ffffff;\">\u00a0Medien und Medienbeitr\u00e4ge<\/span><\/h5>\n<\/td>\n<\/tr>\n<tr>\n<td style=\"width: 5%; background-color: #f5f5eb; text-align: left;\" colspan=\"2\"><span style=\"color: #ffffff;\"><span style=\"color: #ffffff;\"><a href=\"http:\/\/ict.guidoknaus.ch\/?page_id=3259\" target=\"_blank\" rel=\"noopener\">Die Sch\u00fclerinnen und Sch\u00fcler k\u00f6nnen Medien und Medienbeitr\u00e4ge entschl\u00fcsseln, reflektieren und nutzen.<\/a><\/span><\/span><\/td>\n<\/tr>\n<tr>\n<td style=\"width: 5%; background-color: #fb7d19; text-align: center;\">\n<h5><span style=\"color: #ffffff;\">3<\/span><\/h5>\n<\/td>\n<td style=\"background-color: #57a22e;\">\n<h5><span style=\"color: #ffffff;\">\u00a0Medienbeitr\u00e4ge ver\u00f6ffentlichen<\/span><\/h5>\n<\/td>\n<\/tr>\n<tr>\n<td style=\"width: 5%; background-color: #f5f5eb; text-align: left;\" colspan=\"2\"><span style=\"color: #ffffff;\"><span style=\"color: #ffffff;\"><a href=\"http:\/\/ict.guidoknaus.ch\/?page_id=3262\">Die Sch\u00fclerinnen und Sch\u00fcler k\u00f6nnen Gedanken, Meinungen, Erfahrungen und Wissen in Medienbeitr\u00e4ge umsetzen und unter Einbezug der Gesetze, Regeln und Wertesysteme auch ver\u00f6ffentlichen.<\/a><\/span><\/span><\/td>\n<\/tr>\n<tr>\n<td style=\"width: 5%; background-color: #fb7d19; text-align: center;\">\n<h5><span style=\"color: #ffffff;\">4<\/span><\/h5>\n<\/td>\n<td style=\"background-color: #57a22e;\">\n<h5><span style=\"color: #ffffff;\">\u00a0Kommunikation &amp; Kooperation<\/span><\/h5>\n<\/td>\n<\/tr>\n<tr>\n<td style=\"width: 5%; background-color: #f5f5eb; text-align: left;\" colspan=\"2\"><span style=\"color: #ffffff;\"><span style=\"color: #ffffff;\"><a href=\"http:\/\/ict.guidoknaus.ch\/?page_id=3265\">Die Sch\u00fclerinnen und Sch\u00fcler k\u00f6nnen Medien interaktiv nutzen sowie mit anderen kommunizieren und kooperieren.<\/a><\/span><\/span><\/td>\n<\/tr>\n<\/tbody>\n<\/table>\n<h5><\/h5>\n","protected":false},"excerpt":{"rendered":"<p>Die Sch\u00fclerinnen und Sch\u00fcler k\u00f6nnen an der Mediengesellschaft selbstbestimmt, kreativ und m\u00fcndig teilhaben und sich sachgerecht und sozial verantwortlich verhalten. 1 \u00a0Umwelt, mediale &amp; virtuelle Lebensr\u00e4ume Die Sch\u00fclerinnen und Sch\u00fcler k\u00f6nnen sich in der physischen Umwelt sowie in medialen und virtuellen Lebensr\u00e4umen orientieren und sich darin entsprechend den Gesetzen, Regeln<\/p>\n","protected":false},"author":1,"featured_media":0,"parent":0,"menu_order":0,"comment_status":"closed","ping_status":"closed","template":"template-fullwidth.php","meta":{"jetpack_post_was_ever_published":false,"footnotes":""},"class_list":["post-3252","page","type-page","status-publish","hentry"],"jetpack_sharing_enabled":true,"jetpack_shortlink":"https:\/\/wp.me\/P8i5HI-Qs","_links":{"self":[{"href":"https:\/\/ict.guidoknaus.ch\/index.php?rest_route=\/wp\/v2\/pages\/3252","targetHints":{"allow":["GET"]}}],"collection":[{"href":"https:\/\/ict.guidoknaus.ch\/index.php?rest_route=\/wp\/v2\/pages"}],"about":[{"href":"https:\/\/ict.guidoknaus.ch\/index.php?rest_route=\/wp\/v2\/types\/page"}],"author":[{"embeddable":true,"href":"https:\/\/ict.guidoknaus.ch\/index.php?rest_route=\/wp\/v2\/users\/1"}],"replies":[{"embeddable":true,"href":"https:\/\/ict.guidoknaus.ch\/index.php?rest_route=%2Fwp%2Fv2%2Fcomments&post=3252"}],"version-history":[{"count":6,"href":"https:\/\/ict.guidoknaus.ch\/index.php?rest_route=\/wp\/v2\/pages\/3252\/revisions"}],"predecessor-version":[{"id":5627,"href":"https:\/\/ict.guidoknaus.ch\/index.php?rest_route=\/wp\/v2\/pages\/3252\/revisions\/5627"}],"wp:attachment":[{"href":"https:\/\/ict.guidoknaus.ch\/index.php?rest_route=%2Fwp%2Fv2%2Fmedia&parent=3252"}],"curies":[{"name":"wp","href":"https:\/\/api.w.org\/{rel}","templated":true}]}}