{"id":3259,"date":"2016-12-28T06:56:31","date_gmt":"2016-12-28T06:56:31","guid":{"rendered":"http:\/\/ict.guidoknaus.ch\/?page_id=3259"},"modified":"2017-08-21T14:53:36","modified_gmt":"2017-08-21T14:53:36","slug":"2-medien-und-medienbeitraege-verstehen","status":"publish","type":"page","link":"https:\/\/ict.guidoknaus.ch\/?page_id=3259","title":{"rendered":"2 Medien und Medienbeitr\u00e4ge verstehen"},"content":{"rendered":"<h5>Die Sch\u00fclerinnen und Sch\u00fcler k\u00f6nnen Medien und Medienbeitr\u00e4ge entschl\u00fcsseln, reflektieren und nutzen.<\/h5>\n<p><em>Die Sch\u00fclerinnen und Sch\u00fcler &#8230;<\/em><\/p>\n<table style=\"width: 100%;\" border=\"0\">\n<tbody>\n<tr>\n<td style=\"background-color: #e49c17; width: 5px;\"><\/td>\n<td style=\"background-color: #e49c17; width: 5px;\" align=\"center\" valign=\"top\"><span style=\"color: #ffffff;\"><strong>1<\/strong><br \/>\n<\/span><\/td>\n<td style=\"width: 5px;\" valign=\"top\">a<\/td>\n<td style=\"vertical-align: top;\"><a href=\"http:\/\/blogs.phsg.ch\/ict-kompetenzen\/kompetenzen-21\/medien-und-informatik\/1-medien\/2-medien-und-medienbeitrage\/a-mediensprache-werbung\/\">verstehen einfache Beitr\u00e4ge in verschiedenen Mediensprachen und k\u00f6nnen dar\u00fcber sprechen (Text, Bild, allt\u00e4gliches Symbol, Ton, Film).<\/a><br \/>\n<a href=\"http:\/\/blogs.phsg.ch\/ict-kompetenzen\/kompetenzen-21\/medien-und-informatik\/1-medien\/2-medien-und-medienbeitrage\/a-mediensprache-werbung\/\"> k\u00f6nnen Werbung erkennen und \u00fcber die Zielsetzung der Werbebotschaften sprechen.<\/a><\/td>\n<td style=\"width: 10%;\">\n<div class=\"komp_cell kompetenz_querverw one column\">\n<p class=\"querv\"><em><span style=\"font-size: 8pt;\"><a class=\"tooltip\" href=\"http:\/\/vorlage.lehrplan.ch\/index.php?nav=110|111|2|2&amp;code=a|1|1|2|2|1|1|1|1|0\" target=\"_blank\" rel=\"noopener\">D.2.B.1.a<\/a><\/span><\/em><br \/>\n<em> <span style=\"font-size: 8pt;\"><a class=\"tooltip\" href=\"http:\/\/vorlage.lehrplan.ch\/index.php?nav=110|111|2|3&amp;code=a|1|1|2|3|1|1|2|1|0\" target=\"_blank\" rel=\"noopener\">D.2.C.1.b<\/a><\/span><\/em><br \/>\n<em> <span style=\"font-size: 8pt;\"><a class=\"tooltip\" href=\"http:\/\/vorlage.lehrplan.ch\/index.php?nav=160|41|2&amp;code=a|6|1|2|0|5|1|1|1|0\" target=\"_blank\" rel=\"noopener\">NMG.2.5.a<\/a><\/span><\/em><br \/>\n<em> <span style=\"font-size: 8pt;\"><a class=\"tooltip\" href=\"http:\/\/vorlage.lehrplan.ch\/index.php?nav=160|41|7&amp;code=a|6|1|7|0|4|1|1|1|0\" target=\"_blank\" rel=\"noopener\">NMG.7.4.a<\/a><\/span><\/em><\/p>\n<\/div>\n<\/td>\n<\/tr>\n<tr>\n<td style=\"background-color: #e49c17;\"><\/td>\n<td style=\"background-color: #e49c17;\"><\/td>\n<td style=\"background-color: #f3f3f3; vertical-align: top;\">b<\/td>\n<td style=\"background-color: #f3f3f3;\"><a href=\"http:\/\/blogs.phsg.ch\/ict-kompetenzen\/kompetenzen-21\/medien-und-informatik\/1-medien\/2-medien-und-medienbeitrage\/b-auslosen-von-emotionen\/\">k\u00f6nnen benennen, welche unmittelbaren Emotionen die Mediennutzung ausl\u00f6sen kann (z.B. Freude, Wut, Trauer).<\/a><\/td>\n<td style=\"background-color: #f3f3f3;\">\n<div class=\"komp_cell kompetenz_querverw one column\">\n<p class=\"querv\"><em><span style=\"font-size: 8pt;\"><a class=\"tooltip\" href=\"http:\/\/vorlage.lehrplan.ch\/index.php?nav=160|41|9&amp;code=a|6|1|9|0|4|1|2|1|0\" target=\"_blank\" rel=\"noopener\">NMG.9.4.b<\/a><\/span><\/em><\/p>\n<\/div>\n<\/td>\n<\/tr>\n<tr>\n<td style=\"background-color: #278dd0;\"><\/td>\n<td style=\"background-color: #e49c17;\" valign=\"top\"><\/td>\n<td valign=\"top\">c<\/td>\n<td><a href=\"http:\/\/blogs.phsg.ch\/ict-kompetenzen\/medien-und-informatik\/1-medien\/2-medien-und-medienbeitrage\/c-lernen-informationsbeschaffung\/\">k\u00f6nnen mithilfe von vorgegebenen Medien lernen und Informationen zu einem bestimmten Thema beschaffen (z.B. Buch, Zeitschrift, Lernspiel, Spielgeschichte, Website).<\/a><\/td>\n<td>\n<div class=\"komp_cell kompetenz_querverw one column\">\n<p class=\"querv\"><em><span style=\"font-size: 8pt;\"><a class=\"tooltip\" href=\"http:\/\/vorlage.lehrplan.ch\/index.php?nav=200|40&amp;code=e|10|4#16|0|2\" target=\"_blank\" rel=\"noopener\">MI<\/a><\/span><\/em><br \/>\n<em> <span style=\"font-size: 8pt;\"><a class=\"tooltip\" href=\"http:\/\/vorlage.lehrplan.ch\/index.php?nav=160|41|9&amp;code=a|6|1|9|0|3|1|1|12|0\" target=\"_blank\" rel=\"noopener\">NMG.9.3.d<\/a><\/span><\/em><\/p>\n<\/div>\n<\/td>\n<\/tr>\n<tr>\n<td style=\"background-color: #278dd0;\"><\/td>\n<td style=\"background-color: #278dd0; text-align: center; vertical-align: top;\"><span style=\"color: #ffffff;\"><strong>2<\/strong><\/span><\/td>\n<td style=\"vertical-align: top;\">d<\/td>\n<td><a href=\"http:\/\/blogs.phsg.ch\/ict-kompetenzen\/medien-und-informatik\/1-medien\/2-medien-und-medienbeitrage\/d-grundfunktionen-der-medien\/\">k\u00f6nnen die Grundfunktionen der Medien benennen (Information, Bildung, Meinungsbildung, Unterhaltung und Kommunikation).<\/a><br \/>\n<a href=\"http:\/\/blogs.phsg.ch\/ict-kompetenzen\/medien-und-informatik\/1-medien\/2-medien-und-medienbeitrage\/d-grundfunktionen-der-medien\/\"> kennen Mischformen und k\u00f6nnen typische Beispiele aufz\u00e4hlen (Infotainment, Edutainment).<\/a><\/td>\n<td><em><span style=\"font-size: 8pt;\">\u00a0<\/span><\/em><\/td>\n<\/tr>\n<tr>\n<td style=\"background-color: #278dd0;\"><\/td>\n<td style=\"background-color: #278dd0;\"><\/td>\n<td style=\"background-color: #d73d46;\"><\/td>\n<td style=\"background-color: #d73d46;\"><\/td>\n<td style=\"background-color: #d73d46;\"><em><span style=\"font-size: 8pt;\">\u00a0<\/span><\/em><\/td>\n<\/tr>\n<tr>\n<td style=\"background-color: #278dd0;\"><\/td>\n<td style=\"background-color: #278dd0;\"><\/td>\n<td style=\"background-color: #f3f3f3;\" valign=\"top\">e<\/td>\n<td style=\"background-color: #f3f3f3; vertical-align: top;\"><a href=\"http:\/\/blogs.phsg.ch\/ict-kompetenzen\/kompetenzen-21\/medien-und-informatik\/1-medien\/2-medien-und-medienbeitrage\/e-informationen-beschaffen-und-beurteilen\/\">k\u00f6nnen Informationen aus verschiedenen Quellen gezielt beschaffen, ausw\u00e4hlen und hinsichtlich Qualit\u00e4t und Nutzen beurteilen.<\/a><\/td>\n<td style=\"background-color: #f3f3f3;\">\n<div class=\"komp_cell kompetenz_querverw one column\">\n<p class=\"querv\"><em><span style=\"font-size: 8pt;\"><a class=\"tooltip\" href=\"http:\/\/vorlage.lehrplan.ch\/index.php?nav=200|40&amp;code=e|10|4#16|0|2\" target=\"_blank\" rel=\"noopener\">MI<\/a><\/span><\/em><br \/>\n<em> <span style=\"font-size: 8pt;\"><a class=\"tooltip\" href=\"http:\/\/vorlage.lehrplan.ch\/index.php?nav=110|111|3|2&amp;code=a|1|1|3|2|1|1|1|23|0\">D.3.B.1.g<\/a><\/span><\/em><br \/>\n<em> <span style=\"font-size: 8pt;\"><a class=\"tooltip\" href=\"http:\/\/vorlage.lehrplan.ch\/index.php?nav=160|41|1&amp;code=a|6|1|1|0|5|1|1|23|0\" target=\"_blank\" rel=\"noopener\">NMG.1.5.g<\/a><\/span><\/em><br \/>\n<em> <span style=\"font-size: 8pt;\"><a class=\"tooltip\" href=\"http:\/\/vorlage.lehrplan.ch\/index.php?nav=160|41|1&amp;code=a|6|1|1|0|6|1|2|2|0\" target=\"_blank\" rel=\"noopener\">NMG.1.6.d<\/a><\/span><\/em><br \/>\n<em> <span style=\"font-size: 8pt;\"><a class=\"tooltip\" href=\"http:\/\/vorlage.lehrplan.ch\/index.php?nav=160|41|2&amp;code=a|6|1|2|0|5|1|3|2|0\" target=\"_blank\" rel=\"noopener\">NMG.2.5.d<\/a><\/span><\/em><br \/>\n<em> <span style=\"font-size: 8pt;\"><a class=\"tooltip\" href=\"http:\/\/vorlage.lehrplan.ch\/index.php?nav=160|41|3&amp;code=a|6|1|3|0|3|1|2|2|0\" target=\"_blank\" rel=\"noopener\">NMG.3.3.e<\/a><\/span><\/em><br \/>\n<em> <span style=\"font-size: 8pt;\"><a class=\"tooltip\" href=\"http:\/\/vorlage.lehrplan.ch\/index.php?nav=160|41|7&amp;code=a|6|1|7|0|1|1|3|2|0\" target=\"_blank\" rel=\"noopener\">NMG.7.1.e<\/a><\/span><\/em><br \/>\n<em> <span style=\"font-size: 8pt;\"><a class=\"tooltip\" href=\"http:\/\/vorlage.lehrplan.ch\/index.php?nav=160|41|7&amp;code=a|6|1|7|0|2|1|2|2|0\" target=\"_blank\" rel=\"noopener\">NMG.7.2.e<\/a><\/span><\/em><br \/>\n<em> <span style=\"font-size: 8pt;\"><a class=\"tooltip\" href=\"http:\/\/vorlage.lehrplan.ch\/index.php?nav=160|41|8&amp;code=a|6|1|8|0|2|1|3|2|0\" target=\"_blank\" rel=\"noopener\">NMG.8.2.e<\/a><\/span><\/em><br \/>\n<em> <span style=\"font-size: 8pt;\"><a class=\"tooltip\" href=\"http:\/\/vorlage.lehrplan.ch\/index.php?nav=160|41|9&amp;code=a|6|1|9|0|3|1|1|2|0\" target=\"_blank\" rel=\"noopener\">NMG.9.3.e<\/a><\/span><\/em><\/p>\n<\/div>\n<\/td>\n<\/tr>\n<tr>\n<td style=\"background-color: #96ca34;\"><\/td>\n<td style=\"background-color: #96cb34;\" align=\"center\" valign=\"top\"><span style=\"color: #ffffff;\"><strong>3<\/strong><\/span><\/td>\n<td valign=\"top\">f<\/td>\n<td><a href=\"http:\/\/blogs.phsg.ch\/ict-kompetenzen\/kompetenzen-21\/medien-und-informatik\/1-medien\/2-medien-und-medienbeitrage\/f-wirkung-von-medien\/\">erkennen, dass Medien und Medienbeitr\u00e4ge auf Individuen unterschiedlich wirken.<\/a><\/td>\n<td><em><span style=\"font-size: 8pt;\">\u00a0<\/span><\/em><\/td>\n<\/tr>\n<tr>\n<td style=\"background-color: #96ca34;\"><span style=\"color: #ffffff;\">\u00a0<\/span><\/td>\n<td style=\"background-color: #96ca34; width: 3%;\"><\/td>\n<td style=\"background-color: #f3f3f3;\" valign=\"top\">g<\/td>\n<td style=\"background-color: #f3f3f3;\"><a href=\"http:\/\/blogs.phsg.ch\/ict-kompetenzen\/kompetenzen-21\/medien-und-informatik\/1-medien\/2-medien-und-medienbeitrage\/g-bild-film-fernsehsprache\/\">kennen grundlegende Elemente der Bild-, Film- und Fernsehsprache und k\u00f6nnen ihre Funktion und Bedeutung in einem Medienbeitrag reflektieren.<\/a><\/td>\n<td style=\"background-color: #f3f3f3;\">\n<div class=\"komp_cell kompetenz_querverw one column\">\n<p class=\"querv\"><em><span style=\"font-size: 8pt;\"><a class=\"tooltip\" href=\"http:\/\/vorlage.lehrplan.ch\/index.php?nav=170|41|3|2&amp;code=a|7|1|3|2|1|1|1|3|0\" target=\"_blank\" rel=\"noopener\">BG.3.B.1.1c<\/a><\/span><\/em><\/p>\n<\/div>\n<\/td>\n<\/tr>\n<tr>\n<td style=\"background-color: #96ca34;\"><\/td>\n<td style=\"background-color: #96ca34;\"><\/td>\n<td style=\"background-color: #d73d46;\"><\/td>\n<td style=\"background-color: #d73d46;\"><\/td>\n<td style=\"background-color: #d73d46;\"><em><span style=\"font-size: 8pt;\">\u00a0<\/span><\/em><\/td>\n<\/tr>\n<tr>\n<td style=\"background-color: #96ca34;\"><\/td>\n<td style=\"background-color: #96ca34;\"><\/td>\n<td valign=\"top\">h<\/td>\n<td style=\"vertical-align: top;\"><a href=\"http:\/\/blogs.phsg.ch\/ict-kompetenzen\/kompetenzen-21\/medien-und-informatik\/1-medien\/2-medien-und-medienbeitrage\/h-einschatzung-von-medienbeitragen\/\">k\u00f6nnen die Absicht hinter Medienbeitr\u00e4gen einsch\u00e4tzen (z.B. Werbung, Zeitschrift, Parteizeitung).<\/a><\/td>\n<td>\n<div class=\"komp_cell kompetenz_querverw one column\">\n<p class=\"querv\"><em><span style=\"font-size: 8pt;\"><a class=\"tooltip\" href=\"http:\/\/vorlage.lehrplan.ch\/index.php?nav=160|42|3&amp;code=a|6|2|3|0|3|1|3|3|0\" target=\"_blank\" rel=\"noopener\">NT.3.3.c<\/a><\/span><\/em><br \/>\n<em> <span style=\"font-size: 8pt;\"><a class=\"tooltip\" href=\"http:\/\/vorlage.lehrplan.ch\/index.php?nav=160|44|3&amp;code=a|6|4|3|0|3|1|1|3|0\" target=\"_blank\" rel=\"noopener\">RZG.3.3.a<\/a><\/span><\/em><br \/>\n<em> <span style=\"font-size: 8pt;\"><a class=\"tooltip\" href=\"http:\/\/vorlage.lehrplan.ch\/index.php?nav=160|45|3&amp;code=a|6|5|3|0|1|1|4|3|0\" target=\"_blank\" rel=\"noopener\">ERG.3.1.d<\/a><\/span><\/em><br \/>\n<em> <span style=\"font-size: 8pt;\"><a class=\"tooltip\" href=\"http:\/\/vorlage.lehrplan.ch\/index.php?nav=160|45|5&amp;code=a|6|5|5|0|2|1|2|3|0\" target=\"_blank\" rel=\"noopener\">ERG.5.2.b<\/a><\/span><\/em><br \/>\n<em> <span style=\"font-size: 8pt;\"><a class=\"tooltip\" href=\"http:\/\/vorlage.lehrplan.ch\/index.php?nav=160|45|5&amp;code=a|6|5|5|0|5|1|4|3|0\" target=\"_blank\" rel=\"noopener\">ERG.5.5.d<\/a><\/span><\/em><br \/>\n<em> <span style=\"font-size: 8pt;\"><a class=\"tooltip\" href=\"http:\/\/vorlage.lehrplan.ch\/index.php?nav=170|41|3|2&amp;code=a|7|1|3|2|1|1|1|3|0\" target=\"_blank\" rel=\"noopener\">BG.3.B.1.1c<\/a><\/span><\/em><br \/>\n<em> <span style=\"font-size: 8pt;\"><a class=\"tooltip\" href=\"http:\/\/vorlage.lehrplan.ch\/index.php?nav=170|41|3|2&amp;code=a|7|1|3|2|1|2|1|3|0\" target=\"_blank\" rel=\"noopener\">BG.3.B.1.2c<\/a><\/span><\/em><\/p>\n<\/div>\n<\/td>\n<\/tr>\n<tr>\n<td style=\"background-color: #96ca34; width: 3%;\"><\/td>\n<td style=\"background-color: #96ca34;\"><\/td>\n<td valign=\"top\">j<\/td>\n<td><a href=\"http:\/\/blogs.phsg.ch\/ict-kompetenzen\/kompetenzen-21\/medien-und-informatik\/1-medien\/2-medien-und-medienbeitrage\/i-organisation-finanzierung-von-medien\/\">kennen Organisations- und Finanzierungsformen von Medienangeboten und deren Konsequenzen.<\/a><\/td>\n<td><em><span style=\"font-size: 8pt;\">\u00a0<\/span><\/em><\/td>\n<\/tr>\n<\/tbody>\n<\/table>\n","protected":false},"excerpt":{"rendered":"<p>Die Sch\u00fclerinnen und Sch\u00fcler k\u00f6nnen Medien und Medienbeitr\u00e4ge entschl\u00fcsseln, reflektieren und nutzen. Die Sch\u00fclerinnen und Sch\u00fcler &#8230; 1 a verstehen einfache Beitr\u00e4ge in verschiedenen Mediensprachen und k\u00f6nnen dar\u00fcber sprechen (Text, Bild, allt\u00e4gliches Symbol, Ton, Film). k\u00f6nnen Werbung erkennen und \u00fcber die Zielsetzung der Werbebotschaften sprechen. D.2.B.1.a D.2.C.1.b NMG.2.5.a NMG.7.4.a b<\/p>\n","protected":false},"author":1,"featured_media":0,"parent":0,"menu_order":0,"comment_status":"closed","ping_status":"closed","template":"template-fullwidth.php","meta":{"jetpack_post_was_ever_published":false,"footnotes":""},"class_list":["post-3259","page","type-page","status-publish","hentry"],"jetpack_sharing_enabled":true,"jetpack_shortlink":"https:\/\/wp.me\/P8i5HI-Qz","_links":{"self":[{"href":"https:\/\/ict.guidoknaus.ch\/index.php?rest_route=\/wp\/v2\/pages\/3259","targetHints":{"allow":["GET"]}}],"collection":[{"href":"https:\/\/ict.guidoknaus.ch\/index.php?rest_route=\/wp\/v2\/pages"}],"about":[{"href":"https:\/\/ict.guidoknaus.ch\/index.php?rest_route=\/wp\/v2\/types\/page"}],"author":[{"embeddable":true,"href":"https:\/\/ict.guidoknaus.ch\/index.php?rest_route=\/wp\/v2\/users\/1"}],"replies":[{"embeddable":true,"href":"https:\/\/ict.guidoknaus.ch\/index.php?rest_route=%2Fwp%2Fv2%2Fcomments&post=3259"}],"version-history":[{"count":4,"href":"https:\/\/ict.guidoknaus.ch\/index.php?rest_route=\/wp\/v2\/pages\/3259\/revisions"}],"predecessor-version":[{"id":3614,"href":"https:\/\/ict.guidoknaus.ch\/index.php?rest_route=\/wp\/v2\/pages\/3259\/revisions\/3614"}],"wp:attachment":[{"href":"https:\/\/ict.guidoknaus.ch\/index.php?rest_route=%2Fwp%2Fv2%2Fmedia&parent=3259"}],"curies":[{"name":"wp","href":"https:\/\/api.w.org\/{rel}","templated":true}]}}