{"id":3262,"date":"2016-12-28T06:57:30","date_gmt":"2016-12-28T06:57:30","guid":{"rendered":"http:\/\/ict.guidoknaus.ch\/?page_id=3262"},"modified":"2017-08-21T14:53:58","modified_gmt":"2017-08-21T14:53:58","slug":"3-medien-und-medienbeitraege-produzieren","status":"publish","type":"page","link":"https:\/\/ict.guidoknaus.ch\/?page_id=3262","title":{"rendered":"3 Medien und Medienbeitr\u00e4ge produzieren"},"content":{"rendered":"<h5>Die Sch\u00fclerinnen und Sch\u00fcler k\u00f6nnen Gedanken, Meinungen, Erfahrungen und Wissen in Medienbeitr\u00e4ge umsetzen und unter Einbezug der Gesetze, Regeln und Wertesysteme auch ver\u00f6ffentlichen.<\/h5>\n<p><em>Die Sch\u00fclerinnen und Sch\u00fcler &#8230;<\/em><\/p>\n<table style=\"width: 100%;\" border=\"0\">\n<tbody>\n<tr>\n<td style=\"background-color: #e49c17; width: 5px;\"><\/td>\n<td style=\"background-color: #e49c17; width: 5px;\" align=\"center\" valign=\"top\"><span style=\"color: #ffffff;\"><strong>1<\/strong><br \/>\n<\/span><\/td>\n<td style=\"width: 5px;\" valign=\"top\">a<\/td>\n<td style=\"vertical-align: top;\"><a href=\"http:\/\/blogs.phsg.ch\/ict-kompetenzen\/kompetenzen-21\/medien-und-informatik\/1-medien\/3-medienbeitrage\/a-experimentieren-mit-medien\/\">k\u00f6nnen spielerisch und kreativ mit Medien experimentieren.<\/a><\/td>\n<td style=\"width: 10%;\">\n<div class=\"komp_cell kompetenz_querverw one column\">\n<p class=\"querv\"><em><span style=\"font-size: 8pt;\"><a class=\"tooltip\" href=\"http:\/\/vorlage.lehrplan.ch\/index.php?nav=200|40&amp;code=e|10|4#16|0|3\" target=\"_blank\" rel=\"noopener\">MI<\/a><\/span><\/em><br \/>\n<em> <span style=\"font-size: 8pt;\"> <a class=\"tooltip\" href=\"http:\/\/vorlage.lehrplan.ch\/index.php?nav=160|41|2&amp;code=a|6|1|2|0|1|1|1|1|0\" target=\"_blank\" rel=\"noopener\">NMG.2.1.a<\/a><\/span><\/em><\/p>\n<\/div>\n<\/td>\n<\/tr>\n<tr>\n<td style=\"background-color: #e49c17;\"><\/td>\n<td style=\"background-color: #e49c17;\"><\/td>\n<td style=\"background-color: #f3f3f3; vertical-align: top;\">b<\/td>\n<td style=\"background-color: #f3f3f3; vertical-align: top;\"><a href=\"http:\/\/blogs.phsg.ch\/ict-kompetenzen\/medien-und-informatik\/1-medien\/3-medienbeitrage\/b\/\">k\u00f6nnen einfache Bild-, Text-, Tondokumente gestalten und pr\u00e4sentieren.<\/a><\/td>\n<td style=\"background-color: #f3f3f3;\">\n<div class=\"komp_cell kompetenz_querverw one column\">\n<p class=\"querv\"><em><span style=\"font-size: 8pt;\"><a class=\"tooltip\" href=\"http:\/\/vorlage.lehrplan.ch\/index.php?nav=200|40&amp;code=e|10|4#16|0|3\" target=\"_blank\" rel=\"noopener\">MI<\/a><\/span><\/em><br \/>\n<em> <span style=\"font-size: 8pt;\"> <a class=\"tooltip\" href=\"http:\/\/vorlage.lehrplan.ch\/index.php?nav=110|111|3|2&amp;code=a|1|1|3|2|1|1|1|12|0\" target=\"_blank\" rel=\"noopener\">D.3.B.1.d<\/a><\/span><\/em><br \/>\n<em> <span style=\"font-size: 8pt;\"> <a class=\"tooltip\" href=\"http:\/\/vorlage.lehrplan.ch\/index.php?nav=180|44|2&amp;code=a|8|0|4|2|1|2|1|2|0\" target=\"_blank\" rel=\"noopener\">MU.4.B.1.2a<\/a><\/span><\/em><br \/>\n<em> <span style=\"font-size: 8pt;\"> <a class=\"tooltip\" href=\"http:\/\/vorlage.lehrplan.ch\/index.php?nav=180|44|2&amp;code=a|8|0|4|2|1|2|2|2|0\" target=\"_blank\" rel=\"noopener\">MU.4.B.1.2b<\/a><\/span><\/em><\/p>\n<\/div>\n<\/td>\n<\/tr>\n<tr>\n<td style=\"background-color: #278dd0;\"><\/td>\n<td style=\"background-color: #278dd0;\" valign=\"top\"><span style=\"color: #ffffff;\"><strong>2<\/strong><\/span><\/td>\n<td valign=\"top\">c<\/td>\n<td><a href=\"http:\/\/blogs.phsg.ch\/ict-kompetenzen\/kompetenzen-21\/medien-und-informatik\/1-medien\/3-medienbeitrage\/c-erstellen-und-prasentieren\/\">k\u00f6nnen Medien zum Erstellen und Pr\u00e4sentieren ihrer Arbeiten einsetzen (z.B. Klassenzeitung, Klassenblog, H\u00f6rspiel, Videoclip).<\/a><\/td>\n<td><em><span style=\"font-size: 8pt;\">\u00a0<\/span><\/em><\/td>\n<\/tr>\n<tr>\n<td style=\"background-color: #278dd0;\"><\/td>\n<td style=\"background-color: #278dd0;\"><\/td>\n<td style=\"background-color: #f3f3f3; vertical-align: top;\">d<\/td>\n<td style=\"background-color: #f3f3f3;\"><a href=\"http:\/\/blogs.phsg.ch\/ict-kompetenzen\/kompetenzen-21\/medien-und-informatik\/1-medien\/3-medienbeitrage\/d-umgang-mit-personlichen-daten\/\">k\u00f6nnen in ihren Medienbeitr\u00e4gen die Sicherheitsregeln im Umgang mit pers\u00f6nlichen Daten einbeziehen (z.B. Angaben zur Person, Passwort, Nickname).<\/a><\/td>\n<td style=\"background-color: #f3f3f3;\"><em><span style=\"font-size: 8pt;\">\u00a0<\/span><\/em><\/td>\n<\/tr>\n<tr>\n<td style=\"background-color: #278dd0;\"><\/td>\n<td style=\"background-color: #278dd0;\"><\/td>\n<td style=\"background-color: #d73d46;\"><\/td>\n<td style=\"background-color: #d73d46;\"><\/td>\n<td style=\"background-color: #d73d46;\"><em><span style=\"font-size: 8pt;\">\u00a0<\/span><\/em><\/td>\n<\/tr>\n<tr>\n<td style=\"background-color: #96ca34;\"><\/td>\n<td style=\"background-color: #278dd0;\"><\/td>\n<td valign=\"top\">e<\/td>\n<td style=\"vertical-align: top;\"><a href=\"http:\/\/blogs.phsg.ch\/ict-kompetenzen\/kompetenzen-21\/medien-und-informatik\/1-medien\/3-medienbeitrage\/e-eigenproduktionen\/\">k\u00f6nnen Medieninhalte weiterverwenden und unter Angabe der Quelle in Eigenproduktionen integrieren (z.B. Vortrag, Blog\/Klassenblog).<\/a><\/td>\n<td>\n<div class=\"komp_cell kompetenz_querverw one column\">\n<p class=\"querv\"><em><span style=\"font-size: 8pt;\"><a class=\"tooltip\" href=\"http:\/\/vorlage.lehrplan.ch\/index.php?nav=200|40&amp;code=e|10|4#16|0|3\" target=\"_blank\" rel=\"noopener\">MI<\/a><\/span><\/em><br \/>\n<em> <span style=\"font-size: 8pt;\"> <a class=\"tooltip\" href=\"http:\/\/vorlage.lehrplan.ch\/index.php?nav=110|111|3|2&amp;code=a|1|1|3|2|1|1|1|12|0\" target=\"_blank\" rel=\"noopener\">D.3.B.1.d<\/a><\/span><\/em><br \/>\n<em> <span style=\"font-size: 8pt;\"> <a class=\"tooltip\" href=\"http:\/\/vorlage.lehrplan.ch\/index.php?nav=180|44|2&amp;code=a|8|0|4|2|1|2|1|2|0\" target=\"_blank\" rel=\"noopener\">MU.4.B.1.2a<\/a><\/span><\/em><br \/>\n<em> <span style=\"font-size: 8pt;\"> <a class=\"tooltip\" href=\"http:\/\/vorlage.lehrplan.ch\/index.php?nav=180|44|2&amp;code=a|8|0|4|2|1|2|2|2|0\" target=\"_blank\" rel=\"noopener\">MU.4.B.1.2b<\/a><\/span><\/em><\/p>\n<\/div>\n<\/td>\n<\/tr>\n<tr>\n<td style=\"background-color: #96ca34;\"><\/td>\n<td style=\"background-color: #96cb34;\" align=\"center\" valign=\"top\"><span style=\"color: #ffffff;\"><strong>3<\/strong><\/span><\/td>\n<td valign=\"top\">f<\/td>\n<td style=\"vertical-align: top;\"><a href=\"http:\/\/blogs.phsg.ch\/ict-kompetenzen\/kompetenzen-21\/medien-und-informatik\/1-medien\/3-medienbeitrage\/f-prasentation-wirkung-einschatzen\/\">k\u00f6nnen Medien nutzen, um ihre Gedanken und ihr Wissen vor Publikum zu pr\u00e4sentieren und\/oder zu ver\u00f6ffentlichen.<\/a><br \/>\n<a href=\"http:\/\/blogs.phsg.ch\/ict-kompetenzen\/kompetenzen-21\/medien-und-informatik\/1-medien\/3-medienbeitrage\/f-prasentation-wirkung-einschatzen\/\"> k\u00f6nnen Wirkungen eigener Medienbeitr\u00e4ge einsch\u00e4tzen und bei der Produktion entsprechend ber\u00fccksichtigen.<\/a><\/td>\n<td>\n<div class=\"komp_cell kompetenz_querverw one column\">\n<p class=\"querv\"><em><span style=\"font-size: 8pt;\"><a class=\"tooltip\" href=\"http:\/\/vorlage.lehrplan.ch\/index.php?nav=200|40&amp;code=e|10|4#16|0|3\" target=\"_blank\" rel=\"noopener\">MI<\/a><\/span><\/em><br \/>\n<em> <span style=\"font-size: 8pt;\"> <a class=\"tooltip\" href=\"http:\/\/vorlage.lehrplan.ch\/index.php?nav=110|111|3|2&amp;code=a|1|1|3|2|1|1|2|2|0\" target=\"_blank\" rel=\"noopener\">D.3.B.1.f<\/a><\/span><\/em><br \/>\n<em> <span style=\"font-size: 8pt;\"> <a class=\"tooltip\" href=\"http:\/\/vorlage.lehrplan.ch\/index.php?nav=160|41|4&amp;code=a|6|1|4|0|5|1|1|23|0\" target=\"_blank\" rel=\"noopener\">NMG.4.5.f<\/a><\/span><\/em><br \/>\n<em> <span style=\"font-size: 8pt;\"> <a class=\"tooltip\" href=\"http:\/\/vorlage.lehrplan.ch\/index.php?nav=160|44|5&amp;code=a|6|4|5|0|1|1|4|3|0\" target=\"_blank\" rel=\"noopener\">RZG.5.1.d<\/a><\/span><\/em><\/p>\n<\/div>\n<\/td>\n<\/tr>\n<tr>\n<td style=\"background-color: #96ca34;\"><span style=\"color: #ffffff;\">\u00a0<\/span><\/td>\n<td style=\"background-color: #96ca34; width: 3%;\"><\/td>\n<td style=\"background-color: #f3f3f3;\" valign=\"top\">g<\/td>\n<td style=\"background-color: #f3f3f3;\"><a href=\"http:\/\/blogs.phsg.ch\/ict-kompetenzen\/kompetenzen-21\/medien-und-informatik\/1-medien\/3-medienbeitrage\/g-medienbeitrage-herstellen\/\">k\u00f6nnen mit eigenen und fremden Inhalten Medienbeitr\u00e4ge herstellen und ber\u00fccksichtigen dabei die rechtlichen Rahmenbedingungen sowie Sicherheits- und Verhaltensregeln.<\/a><\/td>\n<td style=\"background-color: #f3f3f3;\"><em><span style=\"font-size: 8pt;\">\u00a0<\/span><\/em><\/td>\n<\/tr>\n<tr>\n<td style=\"background-color: #96ca34;\"><\/td>\n<td style=\"background-color: #96ca34;\"><\/td>\n<td style=\"background-color: #d73d46;\"><\/td>\n<td style=\"background-color: #d73d46;\"><\/td>\n<td style=\"background-color: #d73d46;\"><em><span style=\"font-size: 8pt;\">\u00a0<\/span><\/em><\/td>\n<\/tr>\n<tr>\n<td style=\"background-color: #96ca34; width: 3%;\"><\/td>\n<td style=\"background-color: #96ca34;\"><\/td>\n<td valign=\"top\">h<\/td>\n<td style=\"vertical-align: top;\"><a href=\"http:\/\/blogs.phsg.ch\/ict-kompetenzen\/kompetenzen-21\/medien-und-informatik\/1-medien\/3-medienbeitrage\/h\/\">k\u00f6nnen allein und in Arbeitsteams mit medialen M\u00f6glichkeiten experimentieren und sich dar\u00fcber austauschen.<\/a><\/td>\n<td><em><span style=\"font-size: 8pt;\"><a class=\"tooltip\" href=\"http:\/\/vorlage.lehrplan.ch\/index.php?nav=180|44|2&amp;code=a|8|0|4|2|1|2|2|3|0\" target=\"_blank\" rel=\"noopener\">MU.4.B.1.2e<\/a><\/span><\/em><br \/>\n<em> <span style=\"font-size: 8pt;\"> <a class=\"tooltip\" href=\"http:\/\/vorlage.lehrplan.ch\/index.php?nav=180|45|1&amp;code=a|8|0|5|1|1|1|3|3|0\" target=\"_blank\" rel=\"noopener\">MU.5.A.1.g<\/a><\/span><\/em><br \/>\n<em> <span style=\"font-size: 8pt;\"> <a class=\"tooltip\" href=\"http:\/\/vorlage.lehrplan.ch\/index.php?nav=180|45|2&amp;code=a|8|0|5|2|1|1|2|3|0\" target=\"_blank\" rel=\"noopener\">MU.5.B.1.g<\/a><\/span><\/em><\/td>\n<\/tr>\n<\/tbody>\n<\/table>\n","protected":false},"excerpt":{"rendered":"<p>Die Sch\u00fclerinnen und Sch\u00fcler k\u00f6nnen Gedanken, Meinungen, Erfahrungen und Wissen in Medienbeitr\u00e4ge umsetzen und unter Einbezug der Gesetze, Regeln und Wertesysteme auch ver\u00f6ffentlichen. Die Sch\u00fclerinnen und Sch\u00fcler &#8230; 1 a k\u00f6nnen spielerisch und kreativ mit Medien experimentieren. MI NMG.2.1.a b k\u00f6nnen einfache Bild-, Text-, Tondokumente gestalten und pr\u00e4sentieren. MI D.3.B.1.d<\/p>\n","protected":false},"author":1,"featured_media":0,"parent":0,"menu_order":0,"comment_status":"closed","ping_status":"closed","template":"template-fullwidth.php","meta":{"jetpack_post_was_ever_published":false,"footnotes":""},"class_list":["post-3262","page","type-page","status-publish","hentry"],"jetpack_sharing_enabled":true,"jetpack_shortlink":"https:\/\/wp.me\/P8i5HI-QC","_links":{"self":[{"href":"https:\/\/ict.guidoknaus.ch\/index.php?rest_route=\/wp\/v2\/pages\/3262","targetHints":{"allow":["GET"]}}],"collection":[{"href":"https:\/\/ict.guidoknaus.ch\/index.php?rest_route=\/wp\/v2\/pages"}],"about":[{"href":"https:\/\/ict.guidoknaus.ch\/index.php?rest_route=\/wp\/v2\/types\/page"}],"author":[{"embeddable":true,"href":"https:\/\/ict.guidoknaus.ch\/index.php?rest_route=\/wp\/v2\/users\/1"}],"replies":[{"embeddable":true,"href":"https:\/\/ict.guidoknaus.ch\/index.php?rest_route=%2Fwp%2Fv2%2Fcomments&post=3262"}],"version-history":[{"count":4,"href":"https:\/\/ict.guidoknaus.ch\/index.php?rest_route=\/wp\/v2\/pages\/3262\/revisions"}],"predecessor-version":[{"id":3615,"href":"https:\/\/ict.guidoknaus.ch\/index.php?rest_route=\/wp\/v2\/pages\/3262\/revisions\/3615"}],"wp:attachment":[{"href":"https:\/\/ict.guidoknaus.ch\/index.php?rest_route=%2Fwp%2Fv2%2Fmedia&parent=3262"}],"curies":[{"name":"wp","href":"https:\/\/api.w.org\/{rel}","templated":true}]}}