{"id":3265,"date":"2016-12-28T06:58:33","date_gmt":"2016-12-28T06:58:33","guid":{"rendered":"http:\/\/ict.guidoknaus.ch\/?page_id=3265"},"modified":"2017-08-21T14:54:42","modified_gmt":"2017-08-21T14:54:42","slug":"4-mit-medien-kommunizieren-und-kooperieren","status":"publish","type":"page","link":"https:\/\/ict.guidoknaus.ch\/?page_id=3265","title":{"rendered":"4 Mit Medien kommunizieren und kooperieren"},"content":{"rendered":"<h5>Die Sch\u00fclerinnen und Sch\u00fcler k\u00f6nnen Medien interaktiv nutzen sowie mit anderen kommunizieren und kooperieren.<\/h5>\n<p><em>Die Sch\u00fclerinnen und Sch\u00fcler &#8230;<\/em><\/p>\n<table style=\"width: 100%;\" border=\"0\">\n<tbody>\n<tr>\n<td style=\"background-color: #e49c17; width: 5px;\"><\/td>\n<td style=\"background-color: #e49c17; width: 5px; text-align: center; vertical-align: top;\"><span style=\"color: #ffffff;\"><strong>1<\/strong><\/span><\/td>\n<td style=\"background-color: #f3f3f3; width: 5px; vertical-align: top;\">a<\/td>\n<td style=\"background-color: #f3f3f3;\"><\/td>\n<td style=\"background-color: #f3f3f3;\"><a href=\"http:\/\/blogs.phsg.ch\/ict-kompetenzen\/kompetenzen-21\/medien-und-informatik\/1-medien\/4-kommunikation-kooperation\/a-kontakte\/\">k\u00f6nnen mittels Medien bestehende Kontakte pflegen und sich austauschen (z.B. Telefon, Brief).<\/a><\/td>\n<td style=\"background-color: #f3f3f3; width: 10%;\">\n<div class=\"komp_cell kompetenz_querverw one column\">\n<p class=\"querv\"><em><span style=\"font-size: 8pt;\"><a class=\"tooltip\" href=\"http:\/\/vorlage.lehrplan.ch\/index.php?nav=110|111|3|3&amp;code=a|1|1|3|3|1|1|3|1|0\" target=\"_blank\" rel=\"noopener\">D.3.C.1.c<\/a><\/span><\/em><\/p>\n<\/div>\n<\/td>\n<\/tr>\n<tr>\n<td style=\"background-color: #278dd0;\"><\/td>\n<td style=\"background-color: #278dd0; text-align: center; vertical-align: top;\"><span style=\"color: #ffffff;\"><strong>2<\/strong><\/span><\/td>\n<td style=\"background-color: #f3f3f3; vertical-align: top;\">b<\/td>\n<td style=\"background-color: #f3f3f3;\"><\/td>\n<td style=\"background-color: #f3f3f3;\"><a href=\"http:\/\/blogs.phsg.ch\/ict-kompetenzen\/kompetenzen-21\/medien-und-informatik\/1-medien\/4-kommunikation-kooperation\/b-gemeinsames-arbeiten-meinungsaustausch\/\">k\u00f6nnen Medien f\u00fcr gemeinsames Arbeiten und f\u00fcr Meinungsaustausch einsetzen und dabei die Sicherheitsregeln befolgen.<\/a><\/td>\n<td style=\"background-color: #f3f3f3;\"><em><span style=\"font-size: 8pt;\">\u00a0<\/span><\/em><\/td>\n<\/tr>\n<tr>\n<td style=\"background-color: #278dd0;\"><\/td>\n<td style=\"background-color: #278dd0;\"><\/td>\n<td style=\"background-color: #d73d46;\"><\/td>\n<td style=\"background-color: #d73d46;\"><\/td>\n<td style=\"background-color: #d73d46;\"><\/td>\n<td style=\"background-color: #d73d46;\"><em><span style=\"font-size: 8pt;\">\u00a0<\/span><\/em><\/td>\n<\/tr>\n<tr>\n<td style=\"background-color: #96ca34;\"><\/td>\n<td style=\"background-color: #278dd0;\"><\/td>\n<td style=\"vertical-align: top;\" valign=\"top\">c<\/td>\n<td style=\"width: 3%;\"><\/td>\n<td><a href=\"http:\/\/blogs.phsg.ch\/ict-kompetenzen\/kompetenzen-21\/medien-und-informatik\/1-medien\/4-kommunikation-kooperation\/c\/\">k\u00f6nnen mittels Medien kommunizieren und dabei die Sicherheits- und Verhaltensregeln befolgen.<\/a><\/td>\n<td style=\"vertical-align: top;\"><em><span style=\"font-size: 8pt;\"><a class=\"tooltip\" href=\"http:\/\/vorlage.lehrplan.ch\/index.php?nav=200|40&amp;code=e|10|4#16|0|3\" target=\"_blank\" rel=\"noopener\">MI<\/a><\/span><\/em><\/td>\n<\/tr>\n<tr>\n<td style=\"background-color: #96ca34;\"><span style=\"color: #ffffff;\">\u00a0<\/span><\/td>\n<td style=\"background-color: #96ca34; width: 3%; text-align: center; vertical-align: top;\"><span style=\"color: #ffffff;\"><strong>3<\/strong><\/span><\/td>\n<td style=\"background-color: #;\" valign=\"top\">d<\/td>\n<td style=\"background-color: #;\"><\/td>\n<td style=\"background-color: #;\"><a href=\"http:\/\/blogs.phsg.ch\/ict-kompetenzen\/medien-und-informatik\/1-medien\/4-kommunikation-kooperation\/d\/\">k\u00f6nnen Medien gezielt f\u00fcr kooperatives Lernen nutzen.<\/a><\/td>\n<td style=\"background-color: #;\">\n<div class=\"komp_cell kompetenz_querverw one column\">\n<p class=\"querv\"><em><span style=\"font-size: 8pt;\"><a class=\"tooltip\" href=\"http:\/\/vorlage.lehrplan.ch\/index.php?nav=110|111|4|4&amp;code=a|1|1|4|4|1|1|2|3|0\" target=\"_blank\" rel=\"noopener\">D.4.D.1.f<\/a><\/span><\/em><\/p>\n<\/div>\n<\/td>\n<\/tr>\n<tr>\n<td style=\"background-color: #96ca34;\"><\/td>\n<td style=\"background-color: #96ca34;\"><\/td>\n<td style=\"background-color: #d73d46;\"><\/td>\n<td style=\"width: 3%; background-color: #d73d46;\"><\/td>\n<td style=\"background-color: #d73d46;\"><\/td>\n<td style=\"background-color: #d73d46;\"><em><span style=\"font-size: 8pt;\">\u00a0<\/span><\/em><\/td>\n<\/tr>\n<tr>\n<td style=\"background-color: #96ca34;\"><\/td>\n<td style=\"background-color: #96ca34;\"><\/td>\n<td style=\"background-color: #f3f3f3;\" valign=\"top\">e<\/td>\n<td style=\"background-color: #f3f3f3;\"><\/td>\n<td style=\"background-color: #f3f3f3;\"><a href=\"http:\/\/blogs.phsg.ch\/ict-kompetenzen\/kompetenzen-21\/medien-und-informatik\/1-medien\/4-kommunikation-kooperation\/e-eigene-ideen-meinungen\/\">k\u00f6nnen Medien zur Ver\u00f6ffentlichung eigener Ideen und Meinungen nutzen und das Zielpublikum zu R\u00fcckmeldungen motivieren.<\/a><\/td>\n<td style=\"background-color: #f3f3f3;\"><em><span style=\"font-size: 8pt;\">\u00a0<\/span><\/em><\/td>\n<\/tr>\n<tr>\n<td style=\"background-color: #96ca34; width: 3%;\"><\/td>\n<td style=\"background-color: #96ca34;\"><\/td>\n<td valign=\"top\">f<\/td>\n<td style=\"width: 3%;\"><\/td>\n<td><a href=\"http:\/\/blogs.phsg.ch\/ict-kompetenzen\/kompetenzen-21\/medien-und-informatik\/1-medien\/4-kommunikation-kooperation\/f-kooperative-werkzeuge-anpassen\/\">k\u00f6nnen kooperative Werkzeuge anpassen und f\u00fcr gemeinsames Arbeiten, Meinungsaustausch, Kommunikation sowie zum Publizieren einsetzen (z.B. Blog, Wiki).<\/a><\/td>\n<td><em><span style=\"font-size: 8pt;\"><a class=\"tooltip\" href=\"http:\/\/vorlage.lehrplan.ch\/index.php?nav=200|40&amp;code=e|10|4#16|0|3\" target=\"_blank\" rel=\"noopener\">MI<\/a><\/span><\/em><\/td>\n<\/tr>\n<\/tbody>\n<\/table>\n","protected":false},"excerpt":{"rendered":"<p>Die Sch\u00fclerinnen und Sch\u00fcler k\u00f6nnen Medien interaktiv nutzen sowie mit anderen kommunizieren und kooperieren. Die Sch\u00fclerinnen und Sch\u00fcler &#8230; 1 a k\u00f6nnen mittels Medien bestehende Kontakte pflegen und sich austauschen (z.B. Telefon, Brief). D.3.C.1.c 2 b k\u00f6nnen Medien f\u00fcr gemeinsames Arbeiten und f\u00fcr Meinungsaustausch einsetzen und dabei die Sicherheitsregeln befolgen.<\/p>\n","protected":false},"author":1,"featured_media":0,"parent":0,"menu_order":0,"comment_status":"closed","ping_status":"closed","template":"template-fullwidth.php","meta":{"jetpack_post_was_ever_published":false,"footnotes":""},"class_list":["post-3265","page","type-page","status-publish","hentry"],"jetpack_sharing_enabled":true,"jetpack_shortlink":"https:\/\/wp.me\/P8i5HI-QF","_links":{"self":[{"href":"https:\/\/ict.guidoknaus.ch\/index.php?rest_route=\/wp\/v2\/pages\/3265","targetHints":{"allow":["GET"]}}],"collection":[{"href":"https:\/\/ict.guidoknaus.ch\/index.php?rest_route=\/wp\/v2\/pages"}],"about":[{"href":"https:\/\/ict.guidoknaus.ch\/index.php?rest_route=\/wp\/v2\/types\/page"}],"author":[{"embeddable":true,"href":"https:\/\/ict.guidoknaus.ch\/index.php?rest_route=\/wp\/v2\/users\/1"}],"replies":[{"embeddable":true,"href":"https:\/\/ict.guidoknaus.ch\/index.php?rest_route=%2Fwp%2Fv2%2Fcomments&post=3265"}],"version-history":[{"count":4,"href":"https:\/\/ict.guidoknaus.ch\/index.php?rest_route=\/wp\/v2\/pages\/3265\/revisions"}],"predecessor-version":[{"id":3616,"href":"https:\/\/ict.guidoknaus.ch\/index.php?rest_route=\/wp\/v2\/pages\/3265\/revisions\/3616"}],"wp:attachment":[{"href":"https:\/\/ict.guidoknaus.ch\/index.php?rest_route=%2Fwp%2Fv2%2Fmedia&parent=3265"}],"curies":[{"name":"wp","href":"https:\/\/api.w.org\/{rel}","templated":true}]}}