{"id":3268,"date":"2016-12-28T06:59:30","date_gmt":"2016-12-28T06:59:30","guid":{"rendered":"http:\/\/ict.guidoknaus.ch\/?page_id=3268"},"modified":"2023-10-21T16:15:49","modified_gmt":"2023-10-21T16:15:49","slug":"2-informatik","status":"publish","type":"page","link":"https:\/\/ict.guidoknaus.ch\/?page_id=3268","title":{"rendered":"2 | Informatik"},"content":{"rendered":"<blockquote><p>Sch\u00fclerinnen und Sch\u00fcler verstehen Grundkonzepte der automatisierten Informationsverarbeitung, nutzen sie zur Entwicklung von L\u00f6sungsstrategien in allen Lebensbereichen und zum Verst\u00e4ndnis der Informationsgesellschaft.<\/p><\/blockquote>\n<table style=\"width: 100%;\">\n<tbody>\n<tr>\n<td style=\"width: 5%; background-color: #fb7d19; text-align: center;\">\n<h5><span style=\"color: #ffffff;\">1<\/span><\/h5>\n<\/td>\n<td style=\"background-color: #57a22e;\">\n<h5><span style=\"color: #ffffff;\">\u00a0Daten darstellen, strukturieren &amp; auswerten<\/span><\/h5>\n<\/td>\n<\/tr>\n<tr>\n<td style=\"width: 5%; background-color: #f5f5eb; text-align: left;\" colspan=\"2\"><a href=\"http:\/\/ict.guidoknaus.ch\/?page_id=3271\">Die Sch\u00fclerinnen und Sch\u00fcler k\u00f6nnen Daten aus ihrer Umwelt darstellen, strukturieren und auswerten.<\/a><\/td>\n<\/tr>\n<tr>\n<td style=\"width: 5%; background-color: #fb7d19; text-align: center;\">\n<h5><span style=\"color: #ffffff;\">2<\/span><\/h5>\n<\/td>\n<td style=\"background-color: #57a22e;\">\n<h5><span style=\"color: #ffffff;\">\u00a0Problemstellungen analysieren, l\u00f6sen &amp; umsetzen<\/span><\/h5>\n<\/td>\n<\/tr>\n<tr>\n<td style=\"width: 5%; background-color: #f5f5eb; text-align: left;\" colspan=\"2\"><a href=\"http:\/\/ict.guidoknaus.ch\/?page_id=3274\">Die Sch\u00fclerinnen und Sch\u00fcler k\u00f6nnen einfache Problemstellungen analysieren, m\u00f6gliche L\u00f6sungsverfahren beschreiben und in Programmen umsetzen.<\/a><\/td>\n<\/tr>\n<tr>\n<td style=\"width: 5%; background-color: #fb7d19; text-align: center;\">\n<h5><span style=\"color: #ffffff;\">3<\/span><\/h5>\n<\/td>\n<td style=\"background-color: #57a22e;\">\n<h5><span style=\"color: #ffffff;\">\u00a0Systeme &amp; sichere Datenverarbeitung<\/span><\/h5>\n<\/td>\n<\/tr>\n<tr>\n<td style=\"width: 5%; background-color: #f5f5eb; text-align: left;\" colspan=\"2\"><a href=\"http:\/\/ict.guidoknaus.ch\/?page_id=3277\">Die Sch\u00fclerinnen und Sch\u00fcler verstehen Aufbau und Funktionsweise von informationsverarbeitenden Systemen und k\u00f6nnen Konzepte der sicheren Datenverarbeitung anwenden.<\/a><\/td>\n<\/tr>\n<\/tbody>\n<\/table>\n<h5><a href=\"http:\/\/blogs.phsg.ch\/ict-kompetenzen\/files\/2014\/11\/LP-21-Informatik.pdf\" target=\"_blank\" rel=\"noopener\"><img loading=\"lazy\" decoding=\"async\" class=\"alignleft size-full wp-image-10092\" src=\"http:\/\/blogs.phsg.ch\/ict-kompetenzen\/files\/2014\/11\/Bildschirmfoto-2014-12-26-um-06.25.25-e1419571992634.png\" alt=\"Bildschirmfoto 2014-12-26 um 06.25.25\" width=\"490\" height=\"754\" \/><\/a><\/h5>\n","protected":false},"excerpt":{"rendered":"<p>Sch\u00fclerinnen und Sch\u00fcler verstehen Grundkonzepte der automatisierten Informationsverarbeitung, nutzen sie zur Entwicklung von L\u00f6sungsstrategien in allen Lebensbereichen und zum Verst\u00e4ndnis der Informationsgesellschaft. 1 \u00a0Daten darstellen, strukturieren &amp; auswerten Die Sch\u00fclerinnen und Sch\u00fcler k\u00f6nnen Daten aus ihrer Umwelt darstellen, strukturieren und auswerten. 2 \u00a0Problemstellungen analysieren, l\u00f6sen &amp; umsetzen Die Sch\u00fclerinnen und<\/p>\n","protected":false},"author":1,"featured_media":0,"parent":0,"menu_order":0,"comment_status":"closed","ping_status":"closed","template":"template-fullwidth.php","meta":{"jetpack_post_was_ever_published":false,"footnotes":""},"class_list":["post-3268","page","type-page","status-publish","hentry"],"jetpack_sharing_enabled":true,"jetpack_shortlink":"https:\/\/wp.me\/P8i5HI-QI","_links":{"self":[{"href":"https:\/\/ict.guidoknaus.ch\/index.php?rest_route=\/wp\/v2\/pages\/3268","targetHints":{"allow":["GET"]}}],"collection":[{"href":"https:\/\/ict.guidoknaus.ch\/index.php?rest_route=\/wp\/v2\/pages"}],"about":[{"href":"https:\/\/ict.guidoknaus.ch\/index.php?rest_route=\/wp\/v2\/types\/page"}],"author":[{"embeddable":true,"href":"https:\/\/ict.guidoknaus.ch\/index.php?rest_route=\/wp\/v2\/users\/1"}],"replies":[{"embeddable":true,"href":"https:\/\/ict.guidoknaus.ch\/index.php?rest_route=%2Fwp%2Fv2%2Fcomments&post=3268"}],"version-history":[{"count":5,"href":"https:\/\/ict.guidoknaus.ch\/index.php?rest_route=\/wp\/v2\/pages\/3268\/revisions"}],"predecessor-version":[{"id":5628,"href":"https:\/\/ict.guidoknaus.ch\/index.php?rest_route=\/wp\/v2\/pages\/3268\/revisions\/5628"}],"wp:attachment":[{"href":"https:\/\/ict.guidoknaus.ch\/index.php?rest_route=%2Fwp%2Fv2%2Fmedia&parent=3268"}],"curies":[{"name":"wp","href":"https:\/\/api.w.org\/{rel}","templated":true}]}}