{"id":3271,"date":"2016-12-28T07:00:52","date_gmt":"2016-12-28T07:00:52","guid":{"rendered":"http:\/\/ict.guidoknaus.ch\/?page_id=3271"},"modified":"2017-08-21T14:55:01","modified_gmt":"2017-08-21T14:55:01","slug":"1-datenstrukturen","status":"publish","type":"page","link":"https:\/\/ict.guidoknaus.ch\/?page_id=3271","title":{"rendered":"1 Datenstrukturen"},"content":{"rendered":"<h5>Die Sch\u00fclerinnen und Sch\u00fcler k\u00f6nnen Daten aus ihrer Umwelt darstellen, strukturieren und auswerten.<\/h5>\n<hr \/>\n<p><em>Die Sch\u00fclerinnen und Sch\u00fcler &#8230;<\/em><\/p>\n<table style=\"width: 100%;\" border=\"0\">\n<tbody>\n<tr>\n<td style=\"background-color: #e49c17; width: 5px;\"><\/td>\n<td style=\"background-color: #e49c17; width: 5px; text-align: center; vertical-align: top;\"><span style=\"color: #ffffff;\"><strong>1<\/strong><\/span><\/td>\n<td style=\"background-color: #f3f3f3; width: 5px; vertical-align: top;\">a<\/td>\n<td style=\"background-color: #f3f3f3;\"><a href=\"http:\/\/blogs.phsg.ch\/ict-kompetenzen\/kompetenzen-21\/medien-und-informatik\/2-informatik\/1-daten-darstellen-strukturieren-auswerten\/a-dinge-ordnen\/\">k\u00f6nnen Dinge nach selbst gew\u00e4hlten Eigenschaften ordnen, damit sie ein Objekt mit einer bestimmten Eigenschaft schneller finden (z.B. Farbe, Form, Gr\u00f6sse).<\/a><\/td>\n<td style=\"background-color: #f3f3f3; width: 10%;\"><\/td>\n<\/tr>\n<tr style=\"background-color: #000000;\">\n<td style=\"background-color: #278dd0;\"><\/td>\n<td style=\"background-color: #278dd0; text-align: center;\"><span style=\"color: #ffffff;\"><strong>2<\/strong><\/span><\/td>\n<td style=\"background-color: #ffffff;\"><\/td>\n<td style=\"background-color: #ffffff;\"><span style=\"color: #808080;\"><em>Arbeit beginnt sp\u00e4ter im Zyklus.<\/em><\/span><\/td>\n<td style=\"background-color: #ffffff;\"><\/td>\n<\/tr>\n<tr>\n<td style=\"background-color: #278dd0;\"><\/td>\n<td style=\"background-color: #278dd0;\"><\/td>\n<td style=\"background-color: #d73d46;\"><\/td>\n<td style=\"background-color: #d73d46;\"><\/td>\n<td style=\"background-color: #d73d46;\"><\/td>\n<\/tr>\n<tr>\n<td style=\"background-color: #278dd0;\"><\/td>\n<td style=\"background-color: #278dd0;\"><\/td>\n<td valign=\"top\">b<\/td>\n<td><a href=\"http:\/\/blogs.phsg.ch\/ict-kompetenzen\/kompetenzen-21\/medien-und-informatik\/2-informatik\/1-daten-darstellen-strukturieren-auswerten\/c-darstellungsformen-fur-daten\/\">k\u00f6nnen unterschiedliche Darstellungsformen f\u00fcr Daten verwenden (z.B. Symbole, Tabellen, Graphiken).<\/a><\/td>\n<td><\/td>\n<\/tr>\n<tr>\n<td style=\"background-color: #278dd0;\"><\/td>\n<td style=\"background-color: #278dd0;\"><\/td>\n<td valign=\"top\">c<\/td>\n<td><a href=\"http:\/\/blogs.phsg.ch\/ict-kompetenzen\/kompetenzen-21\/medien-und-informatik\/2-informatik\/1-daten-darstellen-strukturieren-auswerten\/d-daten-verschlusseln\/\">k\u00f6nnen Daten mittels selbstentwickelten Geheimschriften verschl\u00fcsseln.<\/a><\/td>\n<td><\/td>\n<\/tr>\n<tr>\n<td style=\"background-color: #278dd0;\"><\/td>\n<td style=\"background-color: #278dd0;\" align=\"center\" valign=\"top\"><span style=\"color: #ffffff;\"><strong>\u00a0<\/strong><\/span><\/td>\n<td valign=\"top\">d<\/td>\n<td><a href=\"http:\/\/blogs.phsg.ch\/ict-kompetenzen\/kompetenzen-21\/medien-und-informatik\/2-informatik\/1-daten-darstellen-strukturieren-auswerten\/e\/\">kennen analoge und digitale Darstellungen von Daten (Text, Zahl, Bild und Ton) und k\u00f6nnen die entsprechenden Dateitypen zuordnen.<\/a><\/td>\n<td><\/td>\n<\/tr>\n<tr>\n<td style=\"background-color: #278dd0;\"><span style=\"color: #ffffff;\">\u00a0<\/span><\/td>\n<td style=\"background-color: #278dd0;\"><\/td>\n<td style=\"background-color: #f3f3f3;\" valign=\"top\">e<\/td>\n<td style=\"background-color: #f3f3f3;\"><a href=\"http:\/\/blogs.phsg.ch\/ict-kompetenzen\/kompetenzen-21\/medien-und-informatik\/2-informatik\/1-daten-darstellen-strukturieren-auswerten\/f-bezeichnung-dokumenttyp\/\">kennen die Bezeichnungen der von ihnen genutzten Dokumententypen.<\/a><\/td>\n<td style=\"background-color: #f3f3f3;\"><\/td>\n<\/tr>\n<tr>\n<td style=\"background-color: #96ca34;\"><\/td>\n<td style=\"background-color: #278dd0;\"><\/td>\n<td style=\"background-color: #ffffff;\" valign=\"top\">f<\/td>\n<td style=\"background-color: #ffffff;\"><a href=\"http:\/\/blogs.phsg.ch\/ict-kompetenzen\/kompetenzen-21\/medien-und-informatik\/2-informatik\/1-daten-darstellen-strukturieren-auswerten\/g-baum-netzstrukturen\/\">erkennen und verwenden Baum- und Netzstrukturen (z.B. Ordnerstruktur auf dem Computer, Stammbaum, Mindmap, Website).<\/a><\/td>\n<td style=\"background-color: #ffffff;\"><\/td>\n<\/tr>\n<tr>\n<td style=\"background-color: #96ca34;\"><\/td>\n<td style=\"background-color: #278dd0;\"><\/td>\n<td style=\"background-color: #ffffff;\" valign=\"top\">g<\/td>\n<td style=\"background-color: #ffffff;\"><a href=\"http:\/\/blogs.phsg.ch\/ict-kompetenzen\/kompetenzen-21\/medien-und-informatik\/2-informatik\/1-daten-darstellen-strukturieren-auswerten\/h\/\">verstehen die Funktionsweise von fehlererkennenden und -korrigierenden Codes.<\/a><\/td>\n<td style=\"background-color: #ffffff;\"><\/td>\n<\/tr>\n<tr>\n<td style=\"background-color: #96ca34;\"><\/td>\n<td style=\"background-color: #96ca34; width: 3%; text-align: center;\"><span style=\"color: #ffffff;\"><strong>3<\/strong><\/span><\/td>\n<td style=\"background-color: #ffffff;\" valign=\"top\">h<\/td>\n<td style=\"background-color: #ffffff;\"><a href=\"http:\/\/blogs.phsg.ch\/ict-kompetenzen\/kompetenzen-21\/medien-und-informatik\/2-informatik\/1-daten-darstellen-strukturieren-auswerten\/i-dokumente-ablegen\/\">k\u00f6nnen Dokumente so ablegen, dass auch andere sie wieder finden.<\/a><\/td>\n<td style=\"background-color: #ffffff;\"><span style=\"font-size: 8pt;\"><em><a class=\"tooltip\" href=\"http:\/\/vorlage.lehrplan.ch\/index.php?nav=200|40&amp;code=e|10|4#16|0|1\" target=\"_blank\" rel=\"noopener\">MI<\/a><\/em><\/span><\/td>\n<\/tr>\n<tr>\n<td style=\"background-color: #96ca34;\"><\/td>\n<td style=\"background-color: #96ca34; width: 3%;\"><\/td>\n<td style=\"background-color: #ffffff;\" valign=\"top\">i<\/td>\n<td style=\"background-color: #ffffff;\"><a href=\"http:\/\/blogs.phsg.ch\/ict-kompetenzen\/kompetenzen-21\/medien-und-informatik\/2-informatik\/1-daten-darstellen-strukturieren-auswerten\/j-logische-operatoren\/\">k\u00f6nnen logische Operatoren verwenden (und, oder, nicht).<\/a><\/td>\n<td style=\"background-color: #ffffff;\"><\/td>\n<\/tr>\n<tr>\n<td style=\"background-color: #96ca34;\"><\/td>\n<td style=\"background-color: #96ca34; width: 3%;\"><\/td>\n<td style=\"background-color: #f3f3f3;\" valign=\"top\">j<\/td>\n<td style=\"background-color: #f3f3f3;\"><a href=\"http:\/\/blogs.phsg.ch\/ict-kompetenzen\/kompetenzen-21\/medien-und-informatik\/2-informatik\/1-daten-darstellen-strukturieren-auswerten\/k-datenbank\/\">k\u00f6nnen Daten in einer Datenbank strukturieren, erfassen, suchen und automatisiert auswerten.<\/a><\/td>\n<td style=\"background-color: #f3f3f3;\"><\/td>\n<\/tr>\n<tr>\n<td style=\"background-color: #96ca34;\"><\/td>\n<td style=\"background-color: #96ca34;\"><\/td>\n<td style=\"background-color: #d73d46;\"><\/td>\n<td style=\"background-color: #d73d46;\"><\/td>\n<td style=\"background-color: #d73d46;\"><\/td>\n<\/tr>\n<tr>\n<td style=\"background-color: #96ca34; width: 3%;\"><\/td>\n<td style=\"background-color: #96ca34;\"><\/td>\n<td valign=\"top\">k<\/td>\n<td><a href=\"http:\/\/blogs.phsg.ch\/ict-kompetenzen\/kompetenzen-21\/medien-und-informatik\/2-informatik\/1-daten-darstellen-strukturieren-auswerten\/l-datenreplikation\/\">k\u00f6nnen Methoden zur Datenreplikation unterscheiden und anwenden (Backup, Synchronisation, Versionierung).<\/a><\/td>\n<td><\/td>\n<\/tr>\n<\/tbody>\n<\/table>\n","protected":false},"excerpt":{"rendered":"<p>Die Sch\u00fclerinnen und Sch\u00fcler k\u00f6nnen Daten aus ihrer Umwelt darstellen, strukturieren und auswerten. Die Sch\u00fclerinnen und Sch\u00fcler &#8230; 1 a k\u00f6nnen Dinge nach selbst gew\u00e4hlten Eigenschaften ordnen, damit sie ein Objekt mit einer bestimmten Eigenschaft schneller finden (z.B. Farbe, Form, Gr\u00f6sse). 2 Arbeit beginnt sp\u00e4ter im Zyklus. b k\u00f6nnen unterschiedliche<\/p>\n","protected":false},"author":1,"featured_media":0,"parent":0,"menu_order":0,"comment_status":"closed","ping_status":"closed","template":"template-fullwidth.php","meta":{"jetpack_post_was_ever_published":false,"footnotes":""},"class_list":["post-3271","page","type-page","status-publish","hentry"],"jetpack_sharing_enabled":true,"jetpack_shortlink":"https:\/\/wp.me\/P8i5HI-QL","_links":{"self":[{"href":"https:\/\/ict.guidoknaus.ch\/index.php?rest_route=\/wp\/v2\/pages\/3271","targetHints":{"allow":["GET"]}}],"collection":[{"href":"https:\/\/ict.guidoknaus.ch\/index.php?rest_route=\/wp\/v2\/pages"}],"about":[{"href":"https:\/\/ict.guidoknaus.ch\/index.php?rest_route=\/wp\/v2\/types\/page"}],"author":[{"embeddable":true,"href":"https:\/\/ict.guidoknaus.ch\/index.php?rest_route=\/wp\/v2\/users\/1"}],"replies":[{"embeddable":true,"href":"https:\/\/ict.guidoknaus.ch\/index.php?rest_route=%2Fwp%2Fv2%2Fcomments&post=3271"}],"version-history":[{"count":4,"href":"https:\/\/ict.guidoknaus.ch\/index.php?rest_route=\/wp\/v2\/pages\/3271\/revisions"}],"predecessor-version":[{"id":3617,"href":"https:\/\/ict.guidoknaus.ch\/index.php?rest_route=\/wp\/v2\/pages\/3271\/revisions\/3617"}],"wp:attachment":[{"href":"https:\/\/ict.guidoknaus.ch\/index.php?rest_route=%2Fwp%2Fv2%2Fmedia&parent=3271"}],"curies":[{"name":"wp","href":"https:\/\/api.w.org\/{rel}","templated":true}]}}