{"id":3277,"date":"2016-12-28T07:02:59","date_gmt":"2016-12-28T07:02:59","guid":{"rendered":"http:\/\/ict.guidoknaus.ch\/?page_id=3277"},"modified":"2017-08-21T14:55:45","modified_gmt":"2017-08-21T14:55:45","slug":"3-informatiksysteme","status":"publish","type":"page","link":"https:\/\/ict.guidoknaus.ch\/?page_id=3277","title":{"rendered":"3 Informatiksysteme"},"content":{"rendered":"<h5>Die Sch\u00fclerinnen und Sch\u00fcler verstehen Aufbau und Funktionsweise von informationsverarbeitenden Systemen und k\u00f6nnen Konzepte der sicheren Datenverarbeitung anwenden.<\/h5>\n<p><em>Die Sch\u00fclerinnen und Sch\u00fcler &#8230;<\/em><\/p>\n<table style=\"width: 100%;\" border=\"0\">\n<tbody>\n<tr>\n<td style=\"background-color: #e49c17; width: 5px;\"><\/td>\n<td style=\"background-color: #e49c17; width: 5px;\" align=\"center\" valign=\"top\"><span style=\"color: #ffffff;\"><strong>1<\/strong><br \/>\n<\/span><\/td>\n<td style=\"width: 5px;\" valign=\"top\">a<\/td>\n<td><a href=\"http:\/\/blogs.phsg.ch\/ict-kompetenzen\/kompetenzen-21\/medien-und-informatik\/2-informatik\/3-informationsverarbeitende-systeme-sichere-datenverarbeitung\/a-gerate-programme\/\">k\u00f6nnen Ger\u00e4te ein- und ausschalten, Programme starten, bedienen und beenden sowie einfache Funktionen nutzen.<\/a><\/td>\n<td style=\"width: 10%;\"><span style=\"font-size: 8pt;\"><em><a class=\"tooltip\" href=\"http:\/\/vorlage.lehrplan.ch\/index.php?nav=200|40&amp;code=e|10|4#16|0|1\" target=\"_blank\" rel=\"noopener\">MI<\/a><\/em>\u00a0<\/span><\/td>\n<\/tr>\n<tr>\n<td style=\"background-color: #e49c17;\"><\/td>\n<td style=\"background-color: #e49c17;\" align=\"center\" valign=\"top\"><\/td>\n<td valign=\"top\">b<\/td>\n<td><a href=\"http:\/\/blogs.phsg.ch\/ict-kompetenzen\/kompetenzen-21\/medien-und-informatik\/2-informatik\/3-informationsverarbeitende-systeme-sichere-datenverarbeitung\/b-lokales-netzwerk-lernumgebung\/\">k\u00f6nnen sich mit eigenem Login in einem lokalen Netzwerk oder einer Lernumgebung anmelden.<\/a><\/td>\n<td><span style=\"font-size: 8pt;\"><em><a class=\"tooltip\" href=\"http:\/\/vorlage.lehrplan.ch\/index.php?nav=200|40&amp;code=e|10|4#16|0|1\" target=\"_blank\" rel=\"noopener\">MI<\/a><\/em><\/span><\/td>\n<\/tr>\n<tr>\n<td style=\"background-color: #e49c17;\"><\/td>\n<td style=\"background-color: #e49c17;\"><\/td>\n<td style=\"background-color: #f3f3f3;\">c<\/td>\n<td style=\"background-color: #f3f3f3;\"><a href=\"http:\/\/blogs.phsg.ch\/ict-kompetenzen\/kompetenzen-21\/medien-und-informatik\/2-informatik\/3-informationsverarbeitende-systeme-sichere-datenverarbeitung\/c-dokumente-ablegen-finden\/\">k\u00f6nnen Dokumente selbstst\u00e4ndig ablegen und wieder finden.<\/a><\/td>\n<td style=\"background-color: #f3f3f3;\"><span style=\"font-size: 8pt;\"><em><a class=\"tooltip\" href=\"http:\/\/vorlage.lehrplan.ch\/index.php?nav=200|40&amp;code=e|10|4#16|0|1\" target=\"_blank\" rel=\"noopener\">MI<\/a><\/em><\/span><\/td>\n<\/tr>\n<tr>\n<td style=\"background-color: #278dd0;\"><\/td>\n<td style=\"background-color: #e49c17;\" valign=\"top\"><\/td>\n<td valign=\"top\">d<\/td>\n<td><a href=\"http:\/\/blogs.phsg.ch\/ict-kompetenzen\/kompetenzen-21\/medien-und-informatik\/2-informatik\/3-informationsverarbeitende-systeme-sichere-datenverarbeitung\/d-bedienoberflache\/\">k\u00f6nnen mit grundlegenden Elementen der Bedienoberfl\u00e4che umgehen (Fenster, Menu, mehrere ge\u00f6ffnete Programme).<\/a><\/td>\n<td><span style=\"font-size: 8pt;\"><em><a class=\"tooltip\" href=\"http:\/\/vorlage.lehrplan.ch\/index.php?nav=200|40&amp;code=e|10|4#16|0|1\" target=\"_blank\" rel=\"noopener\">MI<\/a><\/em><\/span><\/td>\n<\/tr>\n<tr>\n<td style=\"background-color: #278dd0;\"><\/td>\n<td style=\"background-color: #278dd0; text-align: center;\" valign=\"top\"><strong><span style=\"color: #ffffff;\">2<\/span><\/strong><\/td>\n<td valign=\"top\"><\/td>\n<td><span style=\"color: #808080;\"><em>Arbeit beginn sp\u00e4ter im Zyklus<\/em><\/span><\/td>\n<td><span style=\"font-size: 8pt;\">\u00a0<\/span><\/td>\n<\/tr>\n<tr>\n<td style=\"background-color: #278dd0;\"><\/td>\n<td style=\"background-color: #278dd0; text-align: center;\"><\/td>\n<td style=\"background-color: #d73d46;\"><\/td>\n<td style=\"background-color: #d73d46;\"><\/td>\n<td style=\"background-color: #d73d46;\"><span style=\"font-size: 8pt;\">\u00a0<\/span><\/td>\n<\/tr>\n<tr>\n<td style=\"background-color: #278dd0;\"><\/td>\n<td style=\"background-color: #278dd0; text-align: center;\"><\/td>\n<td>e<\/td>\n<td><a href=\"http:\/\/blogs.phsg.ch\/ict-kompetenzen\/kompetenzen-21\/medien-und-informatik\/2-informatik\/3-informationsverarbeitende-systeme-sichere-datenverarbeitung\/e-betriebssystem-software\/\">k\u00f6nnen Betriebssystem und Anwendungssoftware unterscheiden.<\/a><\/td>\n<td><span style=\"font-size: 8pt;\">\u00a0<\/span><\/td>\n<\/tr>\n<tr>\n<td style=\"background-color: #278dd0;\"><\/td>\n<td style=\"background-color: #278dd0;\"><\/td>\n<td valign=\"top\">f<\/td>\n<td><a href=\"http:\/\/blogs.phsg.ch\/ict-kompetenzen\/kompetenzen-21\/medien-und-informatik\/2-informatik\/3-informationsverarbeitende-systeme-sichere-datenverarbeitung\/f-speicherarten-grosseneinheiten\/\">kennen verschiedene Speicherarten (z.B. Festplatten, Flashspeicher, Hauptspeicher) und deren Vor- und Nachteile und verstehen Gr\u00f6sseneinheiten f\u00fcr Daten.<\/a><\/td>\n<td>\n<div class=\"komp_cell kompetenz_querverw one column\">\n<p class=\"querv\"><span style=\"font-size: 8pt;\"><em><a class=\"tooltip\" href=\"http:\/\/vorlage.lehrplan.ch\/index.php?nav=150|43|1&amp;code=a|5|0|3|1|1|1|4|2|0\" target=\"_blank\" rel=\"noopener\">MA.3.A.1.h<\/a><\/em><\/span><\/p>\n<\/div>\n<\/td>\n<\/tr>\n<tr>\n<td style=\"background-color: #278dd0;\"><\/td>\n<td style=\"background-color: #278dd0;\" align=\"center\" valign=\"top\"><span style=\"color: #ffffff;\"><strong>\u00a0<\/strong><\/span><\/td>\n<td valign=\"top\">g<\/td>\n<td><a href=\"http:\/\/blogs.phsg.ch\/ict-kompetenzen\/kompetenzen-21\/medien-und-informatik\/2-informatik\/3-informationsverarbeitende-systeme-sichere-datenverarbeitung\/g-losungsstrategien-bei-problemen\/\">k\u00f6nnen bei Problemen mit Ger\u00e4ten und Programmen L\u00f6sungsstrategien anwenden (z.B. Hilfe-Funktion, Recherche).<\/a><\/td>\n<td><span style=\"font-size: 8pt;\">\u00a0<\/span><\/td>\n<\/tr>\n<tr>\n<td style=\"background-color: #278dd0;\"><span style=\"color: #ffffff;\">\u00a0<\/span><\/td>\n<td style=\"background-color: #278dd0;\"><\/td>\n<td style=\"background-color: #f3f3f3;\" valign=\"top\">h<\/td>\n<td style=\"background-color: #f3f3f3;\"><a href=\"http:\/\/blogs.phsg.ch\/ict-kompetenzen\/kompetenzen-21\/medien-und-informatik\/2-informatik\/3-informationsverarbeitende-systeme-sichere-datenverarbeitung\/h-datenverlust\/\">k\u00f6nnen erkl\u00e4ren, wie Daten verloren gehen k\u00f6nnen und kennen die wichtigsten Massnahmen, sich davor zu sch\u00fctzen.<\/a><\/td>\n<td style=\"background-color: #f3f3f3;\"><span style=\"font-size: 8pt;\">\u00a0<\/span><\/td>\n<\/tr>\n<tr>\n<td style=\"background-color: #96ca34;\"><\/td>\n<td style=\"background-color: #278dd0;\"><\/td>\n<td style=\"background-color: #ffffff;\" valign=\"top\">i<\/td>\n<td style=\"background-color: #ffffff;\"><a href=\"http:\/\/blogs.phsg.ch\/ict-kompetenzen\/kompetenzen-21\/medien-und-informatik\/2-informatik\/3-informationsverarbeitende-systeme-sichere-datenverarbeitung\/i-funktionsweise-von-suchmaschinen\/\">verstehen die grunds\u00e4tzliche Funktionsweise von Suchmaschinen.<\/a><\/td>\n<td style=\"background-color: #ffffff;\"><span style=\"font-size: 8pt;\">\u00a0<\/span><\/td>\n<\/tr>\n<tr>\n<td style=\"background-color: #96ca34;\"><\/td>\n<td style=\"background-color: #278dd0;\"><\/td>\n<td style=\"background-color: #ffffff;\" valign=\"top\">j<\/td>\n<td style=\"background-color: #ffffff;\"><a href=\"http:\/\/blogs.phsg.ch\/ict-kompetenzen\/kompetenzen-21\/medien-und-informatik\/2-informatik\/3-informationsverarbeitende-systeme-sichere-datenverarbeitung\/j-speicherorte-fur-daten\/\">k\u00f6nnen lokale Ger\u00e4te, lokales Netzwerk und das Internet als Speicherorte f\u00fcr private und \u00f6ffentliche Daten unterscheiden.<\/a><\/td>\n<td style=\"background-color: #ffffff;\"><span style=\"font-size: 8pt;\">\u00a0<\/span><\/td>\n<\/tr>\n<tr>\n<td style=\"background-color: #96ca34;\"><\/td>\n<td style=\"background-color: #278dd0;\"><\/td>\n<td style=\"background-color: #ffffff;\" valign=\"top\">k<\/td>\n<td style=\"background-color: #ffffff;\"><a href=\"http:\/\/blogs.phsg.ch\/ict-kompetenzen\/k\/\">haben eine Vorstellung von den Leistungseinheiten informationsverarbeitender Systeme und k\u00f6nnen deren Relevanz f\u00fcr konkrete Anwendungen einsch\u00e4tzen (z.B. Speicherkapazit\u00e4t, Bildaufl\u00f6sung, Rechenkapazit\u00e4t, Daten\u00fcbertragungsrate).<\/a><\/td>\n<td style=\"background-color: #ffffff;\"><\/td>\n<\/tr>\n<tr>\n<td style=\"background-color: #96ca34;\"><\/td>\n<td style=\"background-color: #96ca34; width: 3%;\"><\/td>\n<td style=\"background-color: #ffffff;\" valign=\"top\">l<\/td>\n<td style=\"background-color: #ffffff;\"><a href=\"http:\/\/blogs.phsg.ch\/ict-kompetenzen\/kompetenzen-21\/medien-und-informatik\/2-informatik\/2-problemstellungen-analysieren-losen-umsetzen\/3-informationsverarbeitende-systeme-sichere-datenverarbeitung\/l-informatiksysteme\/\" target=\"_blank\" rel=\"noopener\">kennen die wesentlichen Eingabe-, Verarbeitungs- und Ausgabeelemente von Informatiksystemen und k\u00f6nnen diese mit den entsprechenden Funktionen von Lebewesen vergleichen (Sensor, Prozessor, Aktor und Speicher).<\/a><\/td>\n<td style=\"background-color: #ffffff;\"><\/td>\n<\/tr>\n<tr>\n<td style=\"background-color: #96ca34;\"><\/td>\n<td style=\"background-color: #96ca34; width: 3%;\"><\/td>\n<td style=\"background-color: #f3f3f3;\" valign=\"top\">m<\/td>\n<td style=\"background-color: #f3f3f3;\"><a href=\"http:\/\/blogs.phsg.ch\/ict-kompetenzen\/kompetenzen-21\/medien-und-informatik\/2-informatik\/2-problemstellungen-analysieren-losen-umsetzen\/3-informationsverarbeitende-systeme-sichere-datenverarbeitung\/m-internetdienste\/\">k\u00f6nnen das Internet als Infrastruktur von seinen Diensten unterscheiden (z.B. WWW, E-Mail, Internettelefonie, Soziale Netzwerke).<\/a><\/td>\n<td style=\"background-color: #f3f3f3;\"><\/td>\n<\/tr>\n<tr>\n<td style=\"background-color: #96ca34;\"><\/td>\n<td style=\"background-color: #96ca34;\"><\/td>\n<td style=\"background-color: #d73d46;\"><\/td>\n<td style=\"background-color: #d73d46;\"><\/td>\n<td style=\"background-color: #d73d46;\"><\/td>\n<\/tr>\n<tr>\n<td style=\"background-color: #96ca34; width: 3%;\"><\/td>\n<td style=\"background-color: #96ca34;\"><\/td>\n<td valign=\"top\">n<\/td>\n<td><a href=\"http:\/\/blogs.phsg.ch\/ict-kompetenzen\/kompetenzen-21\/medien-und-informatik\/2-informatik\/2-problemstellungen-analysieren-losen-umsetzen\/3-informationsverarbeitende-systeme-sichere-datenverarbeitung\/m\/\">k\u00f6nnen die Risiken unverschl\u00fcsselter Daten\u00fcbermittlung und -speicherung absch\u00e4tzen.<\/a><\/td>\n<td><\/td>\n<\/tr>\n<\/tbody>\n<\/table>\n","protected":false},"excerpt":{"rendered":"<p>Die Sch\u00fclerinnen und Sch\u00fcler verstehen Aufbau und Funktionsweise von informationsverarbeitenden Systemen und k\u00f6nnen Konzepte der sicheren Datenverarbeitung anwenden. Die Sch\u00fclerinnen und Sch\u00fcler &#8230; 1 a k\u00f6nnen Ger\u00e4te ein- und ausschalten, Programme starten, bedienen und beenden sowie einfache Funktionen nutzen. MI\u00a0 b k\u00f6nnen sich mit eigenem Login in einem lokalen Netzwerk<\/p>\n","protected":false},"author":1,"featured_media":0,"parent":0,"menu_order":0,"comment_status":"closed","ping_status":"closed","template":"template-fullwidth.php","meta":{"jetpack_post_was_ever_published":false,"footnotes":""},"class_list":["post-3277","page","type-page","status-publish","hentry"],"jetpack_sharing_enabled":true,"jetpack_shortlink":"https:\/\/wp.me\/P8i5HI-QR","_links":{"self":[{"href":"https:\/\/ict.guidoknaus.ch\/index.php?rest_route=\/wp\/v2\/pages\/3277","targetHints":{"allow":["GET"]}}],"collection":[{"href":"https:\/\/ict.guidoknaus.ch\/index.php?rest_route=\/wp\/v2\/pages"}],"about":[{"href":"https:\/\/ict.guidoknaus.ch\/index.php?rest_route=\/wp\/v2\/types\/page"}],"author":[{"embeddable":true,"href":"https:\/\/ict.guidoknaus.ch\/index.php?rest_route=\/wp\/v2\/users\/1"}],"replies":[{"embeddable":true,"href":"https:\/\/ict.guidoknaus.ch\/index.php?rest_route=%2Fwp%2Fv2%2Fcomments&post=3277"}],"version-history":[{"count":4,"href":"https:\/\/ict.guidoknaus.ch\/index.php?rest_route=\/wp\/v2\/pages\/3277\/revisions"}],"predecessor-version":[{"id":3619,"href":"https:\/\/ict.guidoknaus.ch\/index.php?rest_route=\/wp\/v2\/pages\/3277\/revisions\/3619"}],"wp:attachment":[{"href":"https:\/\/ict.guidoknaus.ch\/index.php?rest_route=%2Fwp%2Fv2%2Fmedia&parent=3277"}],"curies":[{"name":"wp","href":"https:\/\/api.w.org\/{rel}","templated":true}]}}