{"id":3283,"date":"2016-12-28T07:04:58","date_gmt":"2016-12-28T07:04:58","guid":{"rendered":"http:\/\/ict.guidoknaus.ch\/?page_id=3283"},"modified":"2017-08-21T14:52:06","modified_gmt":"2017-08-21T14:52:06","slug":"handhabung","status":"publish","type":"page","link":"https:\/\/ict.guidoknaus.ch\/?page_id=3283","title":{"rendered":"Handhabung"},"content":{"rendered":"<p><em>Die Sch\u00fclerinnen und Sch\u00fcler &#8230;<\/em><\/p>\n<table style=\"width: 100%;\" border=\"0\">\n<tbody>\n<tr style=\"height: 48px;\">\n<td style=\"background-color: #e49c17; height: 48px; width: 5px;\" align=\"center\" valign=\"top\"><\/td>\n<td style=\"background-color: #e49c17; height: 48px; width: 5px;\" align=\"center\" valign=\"top\"><span style=\"color: #ffffff;\"><strong>1<\/strong><\/span><\/td>\n<td style=\"height: 48px; width: 5px;\" valign=\"top\"><\/td>\n<td style=\"height: 48px;\"><a href=\"http:\/\/blogs.phsg.ch\/ict-kompetenzen\/medien-und-informatik\/3-anwendungskompetenzen\/handhabung\/gerate-und-programme\/\" target=\"_blank\" rel=\"noopener noreferrer\">k\u00f6nnen Ger\u00e4te ein- und ausschalten, Programme starten und beenden, einfache Funktionen nutzen, sich mit dem eigenen Login anmelden.<\/a><\/td>\n<td style=\"height: 48px; width: 10%; vertical-align: top;\"><span style=\"font-size: 8pt;\"><em><strong><a href=\"http:\/\/blogs.phsg.ch\/ict-kompetenzen\/medien-und-informatik\/2-informatik\/3-informationsverarbeitende-systeme-sichere-datenverarbeitung\/a-gerate-programme\/\" target=\"_blank\" rel=\"noopener noreferrer\">MI.2.3.a<\/a><\/strong><br \/>\n<strong><a href=\"http:\/\/blogs.phsg.ch\/ict-kompetenzen\/medien-und-informatik\/2-informatik\/3-informationsverarbeitende-systeme-sichere-datenverarbeitung\/b-lokales-netzwerk-lernumgebung\/\" target=\"_blank\" rel=\"noopener noreferrer\">MI.2.3.b<\/a><\/strong><\/em><\/span><\/td>\n<\/tr>\n<tr style=\"height: 24px;\">\n<td style=\"background-color: #e49c17; height: 24px;\" align=\"center\" valign=\"top\"><\/td>\n<td style=\"background-color: #e49c17; height: 24px;\" align=\"center\" valign=\"top\"><span style=\"color: #ffffff;\"><br \/>\n<\/span><\/td>\n<td style=\"height: 24px;\" valign=\"top\"><\/td>\n<td style=\"height: 24px;\"><a href=\"http:\/\/blogs.phsg.ch\/ict-kompetenzen\/medien-und-informatik\/3-anwendungskompetenzen\/handhabung\/dokumente\/\" target=\"_blank\" rel=\"noopener noreferrer\">k\u00f6nnen Dokumente selbstst\u00e4ndig ablegen und wieder finden.<\/a><\/td>\n<td style=\"vertical-align: top; height: 24px;\"><strong><span style=\"font-size: 8pt;\"><em><a href=\"http:\/\/blogs.phsg.ch\/ict-kompetenzen\/medien-und-informatik\/2-informatik\/3-informationsverarbeitende-systeme-sichere-datenverarbeitung\/c-dokumente-ablegen-finden\/\" target=\"_blank\" rel=\"noopener noreferrer\">MI.2.3.c<\/a><\/em><\/span><\/strong><\/td>\n<\/tr>\n<tr style=\"height: 48px;\">\n<td style=\"background-color: #e49c17; text-align: center; height: 48px;\" valign=\"top\"><\/td>\n<td style=\"background-color: #278dd0; text-align: center; height: 48px;\" valign=\"top\"><span style=\"color: #ffffff;\"><strong>2<\/strong><\/span><\/td>\n<td style=\"height: 48px;\" valign=\"top\"><\/td>\n<td style=\"height: 48px;\"><a href=\"http:\/\/blogs.phsg.ch\/ict-kompetenzen\/medien-und-informatik\/3-anwendungskompetenzen\/handhabung\/bedienoberflache\/\" target=\"_blank\" rel=\"noopener noreferrer\">k\u00f6nnen mit grundlegenden Elementen der Bedienoberfl\u00e4che umgehen (Fenster, Men\u00fcs, mehrere ge\u00f6ffnete Programme).<\/a><\/td>\n<td style=\"height: 48px;\"><strong><span style=\"font-size: 8pt;\"><em><a href=\"http:\/\/blogs.phsg.ch\/ict-kompetenzen\/medien-und-informatik\/2-informatik\/3-informationsverarbeitende-systeme-sichere-datenverarbeitung\/d-bedienoberflache\/\" target=\"_blank\" rel=\"noopener noreferrer\">MI.2.3.d<\/a><\/em><\/span><\/strong><br \/>\n<span style=\"font-size: 8pt;\"><em><a href=\"http:\/\/ar.lehrplan.ch\/10186tRJNmXg2PaYXqCMqmme7qmxw4HxD\" target=\"_blank\" rel=\"noopener noreferrer\">D.4.A.1.e<\/a><\/em><\/span><\/td>\n<\/tr>\n<tr style=\"height: 44.5px;\">\n<td style=\"background-color: #e49c17; height: 44.5px;\"><\/td>\n<td style=\"background-color: #278dd0; height: 44.5px;\"><\/td>\n<td style=\"background-color: #f3f3f3; height: 44.5px;\"><\/td>\n<td style=\"background-color: #f3f3f3; height: 44.5px;\"><a href=\"http:\/\/blogs.phsg.ch\/ict-kompetenzen\/medien-und-informatik\/3-anwendungskompetenzen\/tastaturschreiben\/\" target=\"_blank\" rel=\"noopener noreferrer\">k\u00f6nnen mit der Tastatur Texte schreiben.<\/a><\/td>\n<td style=\"background-color: #f3f3f3; height: 44.5px;\">\n<div class=\"komp_cell kompetenz_querverw one column\">\n<p class=\"querv\"><span style=\"font-size: 8pt;\"><em><a href=\"http:\/\/ar.lehrplan.ch\/10186tRJNmXg2PaYXqCMqmme7qmxw4HxD\" target=\"_blank\" rel=\"noopener noreferrer\">D.4.A.1.e<\/a><br \/>\n<\/em><\/span><\/p>\n<\/div>\n<\/td>\n<\/tr>\n<tr style=\"height: 48px;\">\n<td style=\"background-color: #96cb34; height: 48px;\" align=\"center\" valign=\"top\"><\/td>\n<td style=\"background-color: #96cb34; height: 48px;\" align=\"center\" valign=\"top\"><span style=\"color: #ffffff;\"><strong>\u00a03<\/strong><\/span><\/td>\n<td style=\"height: 48px;\" valign=\"top\"><\/td>\n<td style=\"height: 48px;\"><a href=\"http:\/\/blogs.phsg.ch\/ict-kompetenzen\/medien-und-informatik\/3-anwendungskompetenzen\/handhabung\/automatisiert-mit-der-tastatur-schreiben\/\" target=\"_blank\" rel=\"noopener noreferrer\">k\u00f6nnen ausreichend automatisiert mit der Tastatur schreiben.<\/a><\/td>\n<td style=\"height: 48px;\"><span style=\"font-size: 8pt;\"><em><a href=\"http:\/\/ar.lehrplan.ch\/101knT4rW2yzNeXZU8HpgwqJaMDEPNqgp\" target=\"_blank\" rel=\"noopener noreferrer\">D.4.A.1.i<\/a><\/em><\/span><\/td>\n<\/tr>\n<tr style=\"height: 24px;\">\n<td style=\"background-color: #96ca34; width: 3%; height: 24px;\"><\/td>\n<td style=\"background-color: #96ca34; width: 3%; height: 24px;\"><\/td>\n<td style=\"background-color: #f3f3f3; height: 24px;\" valign=\"top\"><\/td>\n<td style=\"background-color: #f3f3f3; height: 24px;\"><a href=\"http:\/\/blogs.phsg.ch\/ict-kompetenzen\/kompetenzen-21\/medien-und-informatik\/2-informatik\/1-daten-darstellen-strukturieren-auswerten\/i-dokumente-ablegen\/\" target=\"_blank\" rel=\"noopener noreferrer\">k\u00f6nnen Dokumente so ablegen, dass auch andere sie wiederfinden.<\/a><\/td>\n<td style=\"background-color: #f3f3f3; height: 24px;\"><strong><span style=\"font-size: 8pt;\"><em><a href=\"http:\/\/blogs.phsg.ch\/ict-kompetenzen\/medien-und-informatik\/2-informatik\/1-daten-darstellen-strukturieren-auswerten\/i-dokumente-ablegen\/\" target=\"_blank\" rel=\"noopener noreferrer\">MI.2.1.h<\/a><\/em><\/span><\/strong><\/td>\n<\/tr>\n<\/tbody>\n<\/table>\n","protected":false},"excerpt":{"rendered":"<p>Die Sch\u00fclerinnen und Sch\u00fcler &#8230; 1 k\u00f6nnen Ger\u00e4te ein- und ausschalten, Programme starten und beenden, einfache Funktionen nutzen, sich mit dem eigenen Login anmelden. MI.2.3.a MI.2.3.b k\u00f6nnen Dokumente selbstst\u00e4ndig ablegen und wieder finden. MI.2.3.c 2 k\u00f6nnen mit grundlegenden Elementen der Bedienoberfl\u00e4che umgehen (Fenster, Men\u00fcs, mehrere ge\u00f6ffnete Programme). MI.2.3.d D.4.A.1.e k\u00f6nnen<\/p>\n","protected":false},"author":1,"featured_media":0,"parent":0,"menu_order":0,"comment_status":"closed","ping_status":"closed","template":"template-fullwidth.php","meta":{"jetpack_post_was_ever_published":false,"footnotes":""},"class_list":["post-3283","page","type-page","status-publish","hentry"],"jetpack_sharing_enabled":true,"jetpack_shortlink":"https:\/\/wp.me\/P8i5HI-QX","_links":{"self":[{"href":"https:\/\/ict.guidoknaus.ch\/index.php?rest_route=\/wp\/v2\/pages\/3283","targetHints":{"allow":["GET"]}}],"collection":[{"href":"https:\/\/ict.guidoknaus.ch\/index.php?rest_route=\/wp\/v2\/pages"}],"about":[{"href":"https:\/\/ict.guidoknaus.ch\/index.php?rest_route=\/wp\/v2\/types\/page"}],"author":[{"embeddable":true,"href":"https:\/\/ict.guidoknaus.ch\/index.php?rest_route=\/wp\/v2\/users\/1"}],"replies":[{"embeddable":true,"href":"https:\/\/ict.guidoknaus.ch\/index.php?rest_route=%2Fwp%2Fv2%2Fcomments&post=3283"}],"version-history":[{"count":4,"href":"https:\/\/ict.guidoknaus.ch\/index.php?rest_route=\/wp\/v2\/pages\/3283\/revisions"}],"predecessor-version":[{"id":3611,"href":"https:\/\/ict.guidoknaus.ch\/index.php?rest_route=\/wp\/v2\/pages\/3283\/revisions\/3611"}],"wp:attachment":[{"href":"https:\/\/ict.guidoknaus.ch\/index.php?rest_route=%2Fwp%2Fv2%2Fmedia&parent=3283"}],"curies":[{"name":"wp","href":"https:\/\/api.w.org\/{rel}","templated":true}]}}