{"id":3289,"date":"2016-12-28T07:07:02","date_gmt":"2016-12-28T07:07:02","guid":{"rendered":"http:\/\/ict.guidoknaus.ch\/?page_id=3289"},"modified":"2017-08-21T14:51:48","modified_gmt":"2017-08-21T14:51:48","slug":"produktion-und-praesentation","status":"publish","type":"page","link":"https:\/\/ict.guidoknaus.ch\/?page_id=3289","title":{"rendered":"Produktion und Pr\u00e4sentation"},"content":{"rendered":"<p><em>Die Sch\u00fclerinnen und Sch\u00fcler &#8230;<\/em><\/p>\n<table style=\"width: 100%;\" border=\"0\">\n<tbody>\n<tr>\n<td style=\"background-color: #278dd0; width: 5px;\"><\/td>\n<td style=\"background-color: #e49c17; width: 5px;\" align=\"center\" valign=\"top\"><span style=\"color: #ffffff;\"><strong>1<\/strong><br \/>\n<\/span><\/td>\n<td style=\"width: 5px;\" valign=\"top\"><\/td>\n<td style=\"vertical-align: top;\"><a href=\"http:\/\/blogs.phsg.ch\/ict-kompetenzen\/medien-und-informatik\/3-anwendungskompetenzen\/produktion-und-prasentation\/austausch-prasentationen\/\" target=\"_blank\" rel=\"noopener noreferrer\">k\u00f6nnen Medien zum gegenseitigen Austausch sowie zum Erstellen und Pr\u00e4sentieren ihrer Arbeiten einsetzen (z.B. Brief, E-Mail, Klassenzeitung, Klassenblog, gestalten von Text-, Bild-, Video- und Tondokumenten).<\/a><\/td>\n<td style=\"width: 10%; vertical-align: top;\"><em><span style=\"font-size: 8pt;\"><strong><a href=\"http:\/\/blogs.phsg.ch\/ict-kompetenzen\/medien-und-informatik\/1-medien\/3-medienbeitrage\/b\/\" target=\"_blank\" rel=\"noopener noreferrer\">MI.1.3.b<\/a><\/strong><br \/>\n<strong><a href=\"http:\/\/blogs.phsg.ch\/ict-kompetenzen\/medien-und-informatik\/1-medien\/3-medienbeitrage\/c-erstellen-und-prasentieren\/\" target=\"_blank\" rel=\"noopener noreferrer\">MI.1.3.c<br \/>\n<\/a><a href=\"http:\/\/blogs.phsg.ch\/ict-kompetenzen\/medien-und-informatik\/1-medien\/4-kommunikation-kooperation\/a-kontakte\/\" target=\"_blank\" rel=\"noopener noreferrer\">MI.1.4.a<\/a><\/strong><\/span><\/em><em><span style=\"font-size: 8pt;\"><br \/>\n<a href=\"http:\/\/ar.lehrplan.ch\/101FpVw236ShLEDvCPEtmd3T5zcneUt4X\" target=\"_blank\" rel=\"noopener noreferrer\">TTG.1.B.2.a<\/a><br \/>\n<\/span><\/em><\/td>\n<\/tr>\n<tr>\n<td style=\"background-color: #96ca34;\"><\/td>\n<td style=\"background-color: #278dd0; text-align: center;\" valign=\"top\"><span style=\"color: #ffffff;\"><strong>2<\/strong><\/span><\/td>\n<td valign=\"top\"><\/td>\n<td style=\"vertical-align: top;\"><a href=\"http:\/\/blogs.phsg.ch\/ict-kompetenzen\/medien-und-informatik\/3-anwendungskompetenzen\/produktion-und-prasentation\/erstellung-gestaltung\/\" target=\"_blank\" rel=\"noopener noreferrer\">k\u00f6nnen die Grundfunktionen von Ger\u00e4ten und Programmen zur Erstellung, Bearbeitung und Gestaltung von Texten, Tabellen, Pr\u00e4sentationen, Diagrammen, Bildern, T\u00f6nen, Videos und Algorithmen anwenden.<\/a><\/td>\n<td><span style=\"font-size: 8pt;\"><em><a href=\"http:\/\/ar.lehrplan.ch\/101DybL2gJr5pPeHE7G7Gy53fLsvxZcgd\" target=\"_blank\" rel=\"noopener noreferrer\">D.4.D.1.d<\/a><\/em><\/span><br \/>\n<span style=\"font-size: 8pt;\"><em><a href=\"http:\/\/ar.lehrplan.ch\/101V3HKgvvehukhLPNxAK3DGDwyZ3MWfb\" target=\"_blank\" rel=\"noopener noreferrer\">MA.1.B.3.e<\/a><\/em><\/span><br \/>\n<span style=\"font-size: 8pt;\"><em><a href=\"http:\/\/ar.lehrplan.ch\/101vu9V9N7u2WRWmacbqnN7AC6G5kNVKp\" target=\"_blank\" rel=\"noopener noreferrer\">MA.1.B.3.f<\/a><\/em><\/span><br \/>\n<span style=\"font-size: 8pt;\"><em><a href=\"http:\/\/ar.lehrplan.ch\/101LgxKHTHacZMBgtLMxf7BqAw8aUmMEU\" target=\"_blank\" rel=\"noopener noreferrer\">MA.3.C.1.g<\/a><\/em><\/span><br \/>\n<span style=\"font-size: 8pt;\"><em><a href=\"http:\/\/ar.lehrplan.ch\/1017zzt63UE8Lxvz9pZJF6nbNnhtpXEkU\" target=\"_blank\" rel=\"noopener noreferrer\">NMG.4.4.1e<\/a><\/em><\/span><\/td>\n<\/tr>\n<tr>\n<td style=\"background-color: #96ca34;\"><\/td>\n<td style=\"background-color: #278dd0;\"><\/td>\n<td><\/td>\n<td style=\"vertical-align: top;\"><a href=\"http:\/\/blogs.phsg.ch\/ict-kompetenzen\/medien-und-informatik\/3-anwendungskompetenzen\/produktion-und-prasentation\/prasentation-medienbeitrage\/\" target=\"_blank\" rel=\"noopener noreferrer\">k\u00f6nnen aktuelle Medien nutzen um sich auszutauschen, und um ihre Gedanken und ihr Wissen vor Publikum zu pr\u00e4sentieren oder einer \u00d6ffentlichkeit verf\u00fcgbar zu machen.<\/a><\/td>\n<td>\n<div class=\"komp_cell kompetenz_querverw one column\">\n<p class=\"querv\"><span style=\"font-size: 8pt;\"><strong><em><a href=\"http:\/\/blogs.phsg.ch\/ict-kompetenzen\/medien-und-informatik\/1-medien\/3-medienbeitrage\/f-prasentation-wirkung-einschatzen\/\" target=\"_blank\" rel=\"noopener noreferrer\">MI.1.3.f<\/a><\/em><\/strong><\/span><br \/>\n<span style=\"font-size: 8pt;\"> <strong><em><a href=\"http:\/\/blogs.phsg.ch\/ict-kompetenzen\/medien-und-informatik\/1-medien\/4-kommunikation-kooperation\/c\/\" target=\"_blank\" rel=\"noopener noreferrer\">MI.1.4.c<\/a><\/em><\/strong><\/span><br \/>\n<span style=\"font-size: 8pt;\"><em><a href=\"http:\/\/ar.lehrplan.ch\/101syCmeP9f5C3kLUnWdd34vvp4CvAuZA\" target=\"_blank\" rel=\"noopener noreferrer\">BG.2.C.1.3d<\/a><\/em><\/span><br \/>\n<span style=\"font-size: 8pt;\"><em><a href=\"http:\/\/ar.lehrplan.ch\/1014H3rcAhKApCCJbVaFmJqe6ACnZXcJq\" target=\"_blank\" rel=\"noopener noreferrer\">D.4.B.1.h<\/a><\/em><\/span><\/p>\n<\/div>\n<\/td>\n<\/tr>\n<tr>\n<td style=\"background-color: #96ca34;\"><\/td>\n<td style=\"background-color: #96cb34;\" align=\"center\" valign=\"top\"><span style=\"color: #ffffff;\"><strong>\u00a03<\/strong><\/span><\/td>\n<td valign=\"top\"><\/td>\n<td style=\"vertical-align: top;\"><a href=\"http:\/\/blogs.phsg.ch\/ict-kompetenzen\/medien-und-informatik\/3-anwendungskompetenzen\/produktion-und-prasentation\/bearbeitung-und-gestaltung\/\" target=\"_blank\" rel=\"noopener noreferrer\">k\u00f6nnen Ger\u00e4te und Programme zur Erstellung, Bearbeitung und Gestaltung von Texten, Tabellen, Pr\u00e4sentationen, Diagrammen, Bilderb, T\u00f6nen, Videos und Algorithmen einsetzen.<\/a><\/td>\n<td><em><span style=\"font-size: 8pt;\"><a href=\"http:\/\/blogs.phsg.ch\/ict-kompetenzen\/medien-und-informatik\/2-informatik\/2-problemstellungen-analysieren-losen-umsetzen\/g-schleifen-anwenden\/\" target=\"_blank\" rel=\"noopener noreferrer\"><strong>MI.2.2.f<br \/>\n<\/strong><\/a><a href=\"http:\/\/ar.lehrplan.ch\/1013tv5aWv65yKcJcX2DgnhKsxbrDEXu2\" target=\"_blank\" rel=\"noopener noreferrer\">BG.2.C.1.6d<\/a><a href=\"http:\/\/blogs.phsg.ch\/ict-kompetenzen\/medien-und-informatik\/2-informatik\/2-problemstellungen-analysieren-losen-umsetzen\/g-schleifen-anwenden\/\" target=\"_blank\" rel=\"noopener noreferrer\"><br \/>\n<\/a><a href=\"http:\/\/ar.lehrplan.ch\/101PTC9RmYGhLd7ER78PZ5cNwdEwn9PS2\" target=\"_blank\" rel=\"noopener noreferrer\">BG.2.C.1.6e<\/a><a href=\"http:\/\/blogs.phsg.ch\/ict-kompetenzen\/medien-und-informatik\/2-informatik\/2-problemstellungen-analysieren-losen-umsetzen\/g-schleifen-anwenden\/\" target=\"_blank\" rel=\"noopener noreferrer\"><br \/>\n<\/a><a href=\"http:\/\/ar.lehrplan.ch\/1014H3rcAhKApCCJbVaFmJqe6ACnZXcJq\" target=\"_blank\" rel=\"noopener noreferrer\">D.4.B.1.h<\/a><a href=\"http:\/\/blogs.phsg.ch\/ict-kompetenzen\/medien-und-informatik\/2-informatik\/2-problemstellungen-analysieren-losen-umsetzen\/g-schleifen-anwenden\/\" target=\"_blank\" rel=\"noopener noreferrer\"><br \/>\n<\/a><a href=\"http:\/\/ar.lehrplan.ch\/101srMypRdquXMgYdKrgHPGyhkkSYgNDF\" target=\"_blank\" rel=\"noopener noreferrer\">D.4.E.1.g<\/a><a href=\"http:\/\/blogs.phsg.ch\/ict-kompetenzen\/medien-und-informatik\/2-informatik\/2-problemstellungen-analysieren-losen-umsetzen\/g-schleifen-anwenden\/\" target=\"_blank\" rel=\"noopener noreferrer\"><br \/>\n<\/a><a href=\"http:\/\/ar.lehrplan.ch\/1011349904405cpXnda3kXppJMuMR397X\" target=\"_blank\" rel=\"noopener noreferrer\">FS1E.4.B.1.c<\/a><a href=\"http:\/\/blogs.phsg.ch\/ict-kompetenzen\/medien-und-informatik\/2-informatik\/2-problemstellungen-analysieren-losen-umsetzen\/g-schleifen-anwenden\/\" target=\"_blank\" rel=\"noopener noreferrer\"><br \/>\n<\/a><a href=\"http:\/\/ar.lehrplan.ch\/1011349905292zhWM8WzRLfUYtkxTEGmt\" target=\"_blank\" rel=\"noopener noreferrer\">FS2F.4.B.1.c<\/a><a href=\"http:\/\/blogs.phsg.ch\/ict-kompetenzen\/medien-und-informatik\/2-informatik\/2-problemstellungen-analysieren-losen-umsetzen\/g-schleifen-anwenden\/\" target=\"_blank\" rel=\"noopener noreferrer\"><br \/>\n<\/a><a href=\"http:\/\/ar.lehrplan.ch\/101aM5UGaGkLHCLGuFtveSZZgtV3DGYgz\" target=\"_blank\" rel=\"noopener noreferrer\">MA.1.B.3.h<\/a><a href=\"http:\/\/blogs.phsg.ch\/ict-kompetenzen\/medien-und-informatik\/2-informatik\/2-problemstellungen-analysieren-losen-umsetzen\/g-schleifen-anwenden\/\" target=\"_blank\" rel=\"noopener noreferrer\"><br \/>\n<\/a><a href=\"http:\/\/ar.lehrplan.ch\/101PkqMkqzxUs36hHHkYEzbSuMg99acT6\" target=\"_blank\" rel=\"noopener noreferrer\">MA.2.A.3.h<\/a><a href=\"http:\/\/blogs.phsg.ch\/ict-kompetenzen\/medien-und-informatik\/2-informatik\/2-problemstellungen-analysieren-losen-umsetzen\/g-schleifen-anwenden\/\" target=\"_blank\" rel=\"noopener noreferrer\"><br \/>\n<\/a><a href=\"http:\/\/ar.lehrplan.ch\/101WCvf4EBHLbETRUhDgR7bs45LzWmr6F\" target=\"_blank\" rel=\"noopener noreferrer\">MA.3.A.3.i<\/a><a href=\"http:\/\/blogs.phsg.ch\/ict-kompetenzen\/medien-und-informatik\/2-informatik\/2-problemstellungen-analysieren-losen-umsetzen\/g-schleifen-anwenden\/\" target=\"_blank\" rel=\"noopener noreferrer\"><br \/>\n<\/a><a href=\"http:\/\/ar.lehrplan.ch\/101aTXBMcD9cHv4CRJMbSBJGSaVBJTmqN\" target=\"_blank\" rel=\"noopener noreferrer\">MA.3.B.1.h<\/a><a href=\"http:\/\/blogs.phsg.ch\/ict-kompetenzen\/medien-und-informatik\/2-informatik\/2-problemstellungen-analysieren-losen-umsetzen\/g-schleifen-anwenden\/\" target=\"_blank\" rel=\"noopener noreferrer\"><br \/>\n<\/a><a href=\"http:\/\/ar.lehrplan.ch\/101LmZ5wA3F2sAEH6teMRK2FWGJE2R7XD\" target=\"_blank\" rel=\"noopener noreferrer\">MU.4.B.1.2d<\/a><a href=\"http:\/\/blogs.phsg.ch\/ict-kompetenzen\/medien-und-informatik\/2-informatik\/2-problemstellungen-analysieren-losen-umsetzen\/g-schleifen-anwenden\/\" target=\"_blank\" rel=\"noopener noreferrer\"><br \/>\n<\/a><a href=\"http:\/\/ar.lehrplan.ch\/101vB7hDppuzUDK4a6fVaBzkzxWyaNnXa\" target=\"_blank\" rel=\"noopener noreferrer\">MU.4.B.1.2e<\/a><a href=\"http:\/\/blogs.phsg.ch\/ict-kompetenzen\/medien-und-informatik\/2-informatik\/2-problemstellungen-analysieren-losen-umsetzen\/g-schleifen-anwenden\/\" target=\"_blank\" rel=\"noopener noreferrer\"><br \/>\n<\/a><a href=\"http:\/\/ar.lehrplan.ch\/101UwM9NC5zupm7Sm6ECSyc4Jk2RrwB6T\" target=\"_blank\" rel=\"noopener noreferrer\">RZG.4.1.a<\/a><a href=\"http:\/\/blogs.phsg.ch\/ict-kompetenzen\/medien-und-informatik\/2-informatik\/2-problemstellungen-analysieren-losen-umsetzen\/g-schleifen-anwenden\/\" target=\"_blank\" rel=\"noopener noreferrer\"><strong><br \/>\n<\/strong><\/a><\/span><\/em><\/td>\n<\/tr>\n<tr>\n<td style=\"background-color: #96ca34;\"><span style=\"color: #ffffff;\">\u00a0<\/span><\/td>\n<td style=\"background-color: #96ca34; width: 3%;\"><\/td>\n<td valign=\"top\"><\/td>\n<td style=\"vertical-align: top;\"><a href=\"http:\/\/blogs.phsg.ch\/ict-kompetenzen\/medien-und-informatik\/3-anwendungskompetenzen\/produktion-und-prasentation\/uberarbeitung-von-texten\/\" target=\"_blank\" rel=\"noopener noreferrer\">k\u00f6nnen Medien und Programmfunktionen zur inhaltlichen und formellen \u00dcberarbeitung von Texten nutzen (z.B. W\u00f6rterbuch, Korrektur- und \u00dcberarbeitungsfunktionen, Internet).<\/a><\/td>\n<td><span style=\"font-size: 8pt;\"><em><a href=\"http:\/\/ar.lehrplan.ch\/101srMypRdquXMgYdKrgHPGyhkkSYgNDF\" target=\"_blank\" rel=\"noopener noreferrer\">D.4.E.1.g<\/a><br \/>\n<a href=\"http:\/\/ar.lehrplan.ch\/101zCam8GkyZqHmqdapUU6LmzPzduMpZs\" target=\"_blank\" rel=\"noopener noreferrer\">D.4.F.1.e<\/a><br \/>\n<a href=\"http:\/\/ar.lehrplan.ch\/101bJFSEe9vYUC48fbWFWLk3PNkhn3zCA\" target=\"_blank\" rel=\"noopener noreferrer\">D.4.F.1.f<\/a><br \/>\n<a href=\"http:\/\/ar.lehrplan.ch\/101badDzUAm2HKKgMswJFn67WbBhzAb4w\" target=\"_blank\" rel=\"noopener noreferrer\">D.4.F.1.g<\/a><br \/>\n<a href=\"http:\/\/ar.lehrplan.ch\/1011349904412CkJwtG3NnXstpXWSYwqC\" target=\"_blank\" rel=\"noopener noreferrer\">FS1E.5.E.2.c<\/a><br \/>\n<a href=\"http:\/\/ar.lehrplan.ch\/101WUgBCpmqz4gUyBcDvVc7vJDNyH9r2Z\" target=\"_blank\" rel=\"noopener noreferrer\">FS2F.5.E.2.c<\/a><\/em><\/span><\/td>\n<\/tr>\n<tr>\n<td style=\"background-color: #96ca34;\"><\/td>\n<td style=\"background-color: #96ca34;\"><\/td>\n<td valign=\"top\"><\/td>\n<td style=\"vertical-align: top;\"><a href=\"http:\/\/blogs.phsg.ch\/ict-kompetenzen\/medien-und-informatik\/3-anwendungskompetenzen\/produktion-und-prasentation\/vorlagen-anwenden\/\" target=\"_blank\" rel=\"noopener noreferrer\">k\u00f6nnen in Programmen Vorlagen anwenden (z.B. Textverarbeitung, Pr\u00e4sentationen, Tabellenkalkulation).<\/a><\/td>\n<td><span style=\"font-size: 8pt;\"><em><a href=\"http:\/\/ar.lehrplan.ch\/101Aa5vBPKCfY99YyMEDpDFkHTbmmkLed\" target=\"_blank\" rel=\"noopener noreferrer\">D.3.B.1.i<\/a><\/em><\/span><br \/>\n<span style=\"font-size: 8pt;\"><em><a href=\"http:\/\/ar.lehrplan.ch\/101pKLFVdY2FD8VW8GyDSSqXDyv9mcTge\" target=\"_blank\" rel=\"noopener noreferrer\">D.4.D.1.f<\/a><\/em><\/span><br \/>\n<span style=\"font-size: 8pt;\"><em><a href=\"http:\/\/ar.lehrplan.ch\/101zH2XHq2yXM6pEBaK3nvSRPPepSd539\" target=\"_blank\" rel=\"noopener noreferrer\">MA.1.B.3.g<\/a><\/em><\/span><\/td>\n<\/tr>\n<tr>\n<td style=\"background-color: #96ca34; width: 3%;\"><\/td>\n<td style=\"background-color: #96ca34;\"><\/td>\n<td valign=\"top\"><\/td>\n<td style=\"vertical-align: top;\"><a href=\"http:\/\/blogs.phsg.ch\/ict-kompetenzen\/medien-und-informatik\/3-anwendungskompetenzen\/produktion-und-prasentation\/prasentieren-und-veroffentlichen\/\" target=\"_blank\" rel=\"noopener noreferrer\">k\u00f6nnen aktuelle Medien ziel- und zielgruppengerecht nutzen um ihre Gedanken und ihr Wissen vor Publikum zu pr\u00e4sentieren oder einer \u00d6ffentlichkeit verf\u00fcgbar zu machen (z.B. Pr\u00e4sentationen, Foto-, Video-, Audiobeitrag, Blog und Wiki).<\/a><\/td>\n<td style=\"vertical-align: top;\">\n<div class=\"komp_cell kompetenz_querverw one column\">\n<p class=\"querv\"><span style=\"font-size: 8pt;\"><strong><em><a href=\"http:\/\/blogs.phsg.ch\/ict-kompetenzen\/medien-und-informatik\/1-medien\/3-medienbeitrage\/f-prasentation-wirkung-einschatzen\/\" target=\"_blank\" rel=\"noopener noreferrer\">MI.1.3.f<br \/>\n<\/a><\/em><\/strong><em><a href=\"http:\/\/ar.lehrplan.ch\/101m4AyrYAHtp2YXevS9AVt6G6HM3zrh5\" target=\"_blank\" rel=\"noopener noreferrer\">D.3.B.1.h<\/a><a href=\"http:\/\/blogs.phsg.ch\/ict-kompetenzen\/medien-und-informatik\/1-medien\/3-medienbeitrage\/f-prasentation-wirkung-einschatzen\/\" target=\"_blank\" rel=\"noopener noreferrer\"><br \/>\n<\/a><a href=\"http:\/\/ar.lehrplan.ch\/101Aa5vBPKCfY99YyMEDpDFkHTbmmkLed\" target=\"_blank\" rel=\"noopener noreferrer\">D.3.B.1.i<\/a><a href=\"http:\/\/blogs.phsg.ch\/ict-kompetenzen\/medien-und-informatik\/1-medien\/3-medienbeitrage\/f-prasentation-wirkung-einschatzen\/\" target=\"_blank\" rel=\"noopener noreferrer\"><br \/>\n<\/a><a href=\"http:\/\/ar.lehrplan.ch\/101uUs5CwMDgwGWB8HsEF7Nr6bUSWnDWv\" target=\"_blank\" rel=\"noopener noreferrer\">MI.1.3.f<\/a><a href=\"http:\/\/blogs.phsg.ch\/ict-kompetenzen\/medien-und-informatik\/1-medien\/3-medienbeitrage\/f-prasentation-wirkung-einschatzen\/\" target=\"_blank\" rel=\"noopener noreferrer\"><br \/>\n<\/a><a href=\"http:\/\/ar.lehrplan.ch\/101KPmfEEGJMABbAmJEKLtS528Dbkqbub\" target=\"_blank\" rel=\"noopener noreferrer\">MU.5.A.1.f<\/a><a href=\"http:\/\/blogs.phsg.ch\/ict-kompetenzen\/medien-und-informatik\/1-medien\/3-medienbeitrage\/f-prasentation-wirkung-einschatzen\/\" target=\"_blank\" rel=\"noopener noreferrer\"><br \/>\n<\/a><a href=\"http:\/\/ar.lehrplan.ch\/101eXwqw7bxvraHWAB2pczyYbBtutGEe3\" target=\"_blank\" rel=\"noopener noreferrer\">MU.5.A.1.g<\/a><a href=\"http:\/\/blogs.phsg.ch\/ict-kompetenzen\/medien-und-informatik\/1-medien\/3-medienbeitrage\/f-prasentation-wirkung-einschatzen\/\" target=\"_blank\" rel=\"noopener noreferrer\"><br \/>\n<\/a><a href=\"http:\/\/ar.lehrplan.ch\/101PRfHFG9nEV4sZK7Ed9Fg5aBNqvk5Xh\" target=\"_blank\" rel=\"noopener noreferrer\">NT.1.3.c<\/a><a href=\"http:\/\/blogs.phsg.ch\/ict-kompetenzen\/medien-und-informatik\/1-medien\/3-medienbeitrage\/f-prasentation-wirkung-einschatzen\/\" target=\"_blank\" rel=\"noopener noreferrer\"><br \/>\n<\/a><\/em><em><a href=\"http:\/\/ar.lehrplan.ch\/101aq9pcWg5BzMtMbm48BsL2gPSGnaRmT\" target=\"_blank\" rel=\"noopener noreferrer\">NT.3.3.a<\/a><\/em><\/span><strong><em><a href=\"http:\/\/blogs.phsg.ch\/ict-kompetenzen\/medien-und-informatik\/1-medien\/3-medienbeitrage\/f-prasentation-wirkung-einschatzen\/\" target=\"_blank\" rel=\"noopener noreferrer\"><br \/>\n<\/a><\/em><\/strong><\/p>\n<\/div>\n<\/td>\n<\/tr>\n<tr>\n<td style=\"background-color: #96ca34; width: 3%;\"><\/td>\n<td style=\"background-color: #96ca34;\"><\/td>\n<td valign=\"top\"><\/td>\n<td style=\"vertical-align: top;\"><a href=\"http:\/\/blogs.phsg.ch\/ict-kompetenzen\/medien-und-informatik\/3-anwendungskompetenzen\/produktion-und-prasentation\/plattformen-kooperatives-arbeiten-publizieren\/\" target=\"_blank\" rel=\"noopener noreferrer\">k\u00f6nnen Plattformen gestalten und anpassen und diese interaktiv f\u00fcr gemeinsames Arbeiten, Meinungsaustausch, Kommunikation sowie zum Publizieren einsetzen (z.B. Datenablage und -austausch, Blog, Cloudcomputing).<\/a><\/td>\n<td style=\"vertical-align: top;\">\n<div class=\"komp_cell kompetenz_querverw one column\">\n<p class=\"querv\"><em><span style=\"font-size: 8pt;\"><strong><a href=\"http:\/\/blogs.phsg.ch\/ict-kompetenzen\/medien-und-informatik\/1-medien\/4-kommunikation-kooperation\/f-kooperative-werkzeuge-anpassen\/\" target=\"_blank\" rel=\"noopener noreferrer\">MI.1.4.f<\/a><\/strong><br \/>\n<a href=\"http:\/\/ar.lehrplan.ch\/1014H3rcAhKApCCJbVaFmJqe6ACnZXcJq\" target=\"_blank\" rel=\"noopener noreferrer\">D.4.B.1.h<\/a><br \/>\n<\/span><\/em><\/p>\n<\/div>\n<\/td>\n<\/tr>\n<\/tbody>\n<\/table>\n<p>&nbsp;<\/p>\n","protected":false},"excerpt":{"rendered":"<p>Die Sch\u00fclerinnen und Sch\u00fcler &#8230; 1 k\u00f6nnen Medien zum gegenseitigen Austausch sowie zum Erstellen und Pr\u00e4sentieren ihrer Arbeiten einsetzen (z.B. Brief, E-Mail, Klassenzeitung, Klassenblog, gestalten von Text-, Bild-, Video- und Tondokumenten). MI.1.3.b MI.1.3.c MI.1.4.a TTG.1.B.2.a 2 k\u00f6nnen die Grundfunktionen von Ger\u00e4ten und Programmen zur Erstellung, Bearbeitung und Gestaltung von Texten,<\/p>\n","protected":false},"author":1,"featured_media":0,"parent":0,"menu_order":0,"comment_status":"closed","ping_status":"closed","template":"template-fullwidth.php","meta":{"jetpack_post_was_ever_published":false,"footnotes":""},"class_list":["post-3289","page","type-page","status-publish","hentry"],"jetpack_sharing_enabled":true,"jetpack_shortlink":"https:\/\/wp.me\/P8i5HI-R3","_links":{"self":[{"href":"https:\/\/ict.guidoknaus.ch\/index.php?rest_route=\/wp\/v2\/pages\/3289","targetHints":{"allow":["GET"]}}],"collection":[{"href":"https:\/\/ict.guidoknaus.ch\/index.php?rest_route=\/wp\/v2\/pages"}],"about":[{"href":"https:\/\/ict.guidoknaus.ch\/index.php?rest_route=\/wp\/v2\/types\/page"}],"author":[{"embeddable":true,"href":"https:\/\/ict.guidoknaus.ch\/index.php?rest_route=\/wp\/v2\/users\/1"}],"replies":[{"embeddable":true,"href":"https:\/\/ict.guidoknaus.ch\/index.php?rest_route=%2Fwp%2Fv2%2Fcomments&post=3289"}],"version-history":[{"count":4,"href":"https:\/\/ict.guidoknaus.ch\/index.php?rest_route=\/wp\/v2\/pages\/3289\/revisions"}],"predecessor-version":[{"id":3610,"href":"https:\/\/ict.guidoknaus.ch\/index.php?rest_route=\/wp\/v2\/pages\/3289\/revisions\/3610"}],"wp:attachment":[{"href":"https:\/\/ict.guidoknaus.ch\/index.php?rest_route=%2Fwp%2Fv2%2Fmedia&parent=3289"}],"curies":[{"name":"wp","href":"https:\/\/api.w.org\/{rel}","templated":true}]}}